{"id":23052,"date":"2020-03-09T00:34:49","date_gmt":"2020-03-08T23:34:49","guid":{"rendered":"http:\/\/www.dvo45.fr\/?page_id=23052"},"modified":"2022-10-13T07:11:53","modified_gmt":"2022-10-13T07:11:53","slug":"obseques","status":"publish","type":"page","link":"https:\/\/www.dvo45.fr\/index.php\/etapes-de-la-vie\/obseques\/","title":{"rendered":"Fun\u00e9railles"},"content":{"rendered":"\n<p>Les chr\u00e9tiens ont toujours entour\u00e9 de pi\u00e9t\u00e9 les d\u00e9funts. Les pri\u00e8res liturgiques, et tout particuli\u00e8rement la c\u00e9l\u00e9bration de la messe, leur assure un secours spirituel et apportent un r\u00e9confort aux membres de leur famille en deuil.<\/p>\n\n\n\n<p>Aujourd\u2019hui, des la\u00efcs re\u00e7oivent la mission de pr\u00e9parer et d\u2019animer la c\u00e9l\u00e9bration des obs\u00e8ques. Ils peuvent \u00e9galement, suivant les demandes, accompagner le d\u00e9funt et la famille au cimeti\u00e8re pour l\u2019inhumation.<\/p>\n\n\n\n<p>L&rsquo;\u00e9quipe Obs\u00e8que de notre groupement paroissial est \u00e0 votre disposition pour traverser cette \u00e9preuve. Vous pouvez la joindre au 06 32 04 89 56.<\/p>\n","protected":false},"excerpt":{"rendered":"<p>Les chr\u00e9tiens ont toujours entour\u00e9 de pi\u00e9t\u00e9 les d\u00e9funts. Les pri\u00e8res liturgiques, et tout particuli\u00e8rement la c\u00e9l\u00e9bration de la messe, leur assure un secours spirituel et apportent un r\u00e9confort aux membres de leur famille en deuil. Aujourd\u2019hui, des la\u00efcs re\u00e7oivent<\/p>\n","protected":false},"author":1,"featured_media":0,"parent":55,"menu_order":50,"comment_status":"closed","ping_status":"closed","template":"","meta":{"footnotes":""},"class_list":["post-23052","page","type-page","status-publish","hentry"],"yoast_head":"<!-- This site is optimized with the Yoast SEO plugin v27.3 - https:\/\/yoast.com\/product\/yoast-seo-wordpress\/ -->\n<title>Fun\u00e9railles -<\/title>\n<meta name=\"description\" content=\"groupement paroissial de Beaugency - Meung sur Loire\" \/>\n<meta name=\"robots\" content=\"index, follow, max-snippet:-1, max-image-preview:large, max-video-preview:-1\" \/>\n<link rel=\"canonical\" href=\"https:\/\/www.dvo45.fr\/index.php\/etapes-de-la-vie\/obseques\/\" \/>\n<meta property=\"og:locale\" content=\"fr_FR\" \/>\n<meta property=\"og:type\" content=\"article\" \/>\n<meta property=\"og:title\" content=\"Fun\u00e9railles -\" \/>\n<meta property=\"og:description\" content=\"groupement paroissial de Beaugency - Meung sur Loire\" \/>\n<meta property=\"og:url\" content=\"https:\/\/www.dvo45.fr\/index.php\/etapes-de-la-vie\/obseques\/\" \/>\n<meta property=\"article:publisher\" content=\"https:\/\/www.facebook.com\/Le-groupe-paroissial-de-Beaugency-Meung-sur-loire-135382090421585\" \/>\n<meta property=\"article:modified_time\" content=\"2022-10-13T07:11:53+00:00\" \/>\n<meta name=\"twitter:card\" content=\"summary_large_image\" \/>\n<meta name=\"twitter:label1\" content=\"Dur\u00e9e de lecture estim\u00e9e\" \/>\n\t<meta name=\"twitter:data1\" content=\"1 minute\" \/>\n<script type=\"application\/ld+json\" class=\"yoast-schema-graph\">{\"@context\":\"https:\\\/\\\/schema.org\",\"@graph\":[{\"@type\":\"WebPage\",\"@id\":\"https:\\\/\\\/www.dvo45.fr\\\/index.php\\\/etapes-de-la-vie\\\/obseques\\\/\",\"url\":\"https:\\\/\\\/www.dvo45.fr\\\/index.php\\\/etapes-de-la-vie\\\/obseques\\\/\",\"name\":\"Fun\u00e9railles -\",\"isPartOf\":{\"@id\":\"https:\\\/\\\/www.dvo45.fr\\\/#website\"},\"datePublished\":\"2020-03-08T23:34:49+00:00\",\"dateModified\":\"2022-10-13T07:11:53+00:00\",\"description\":\"groupement paroissial de Beaugency - Meung sur Loire\",\"breadcrumb\":{\"@id\":\"https:\\\/\\\/www.dvo45.fr\\\/index.php\\\/etapes-de-la-vie\\\/obseques\\\/#breadcrumb\"},\"inLanguage\":\"fr-FR\",\"potentialAction\":[{\"@type\":\"ReadAction\",\"target\":[\"https:\\\/\\\/www.dvo45.fr\\\/index.php\\\/etapes-de-la-vie\\\/obseques\\\/\"]}]},{\"@type\":\"BreadcrumbList\",\"@id\":\"https:\\\/\\\/www.dvo45.fr\\\/index.php\\\/etapes-de-la-vie\\\/obseques\\\/#breadcrumb\",\"itemListElement\":[{\"@type\":\"ListItem\",\"position\":1,\"name\":\"Accueil\",\"item\":\"https:\\\/\\\/www.dvo45.fr\\\/\"},{\"@type\":\"ListItem\",\"position\":2,\"name\":\"ETAPES DE LA VIE\",\"item\":\"https:\\\/\\\/www.dvo45.fr\\\/index.php\\\/etapes-de-la-vie\\\/\"},{\"@type\":\"ListItem\",\"position\":3,\"name\":\"Fun\u00e9railles\"}]},{\"@type\":\"WebSite\",\"@id\":\"https:\\\/\\\/www.dvo45.fr\\\/#website\",\"url\":\"https:\\\/\\\/www.dvo45.fr\\\/\",\"name\":\"\",\"description\":\"Contactez nous au : 02-38-45-28-93\",\"publisher\":{\"@id\":\"https:\\\/\\\/www.dvo45.fr\\\/#organization\"},\"potentialAction\":[{\"@type\":\"SearchAction\",\"target\":{\"@type\":\"EntryPoint\",\"urlTemplate\":\"https:\\\/\\\/www.dvo45.fr\\\/?s={search_term_string}\"},\"query-input\":{\"@type\":\"PropertyValueSpecification\",\"valueRequired\":true,\"valueName\":\"search_term_string\"}}],\"inLanguage\":\"fr-FR\"},{\"@type\":\"Organization\",\"@id\":\"https:\\\/\\\/www.dvo45.fr\\\/#organization\",\"name\":\"Groupement Paroissial de Beaugency-Meung\\\/Loire\",\"url\":\"https:\\\/\\\/www.dvo45.fr\\\/\",\"logo\":{\"@type\":\"ImageObject\",\"inLanguage\":\"fr-FR\",\"@id\":\"https:\\\/\\\/www.dvo45.fr\\\/#\\\/schema\\\/logo\\\/image\\\/\",\"url\":\"https:\\\/\\\/www.dvo45.fr\\\/wp-content\\\/uploads\\\/2020\\\/11\\\/GROUPEMENT-PAROISSIAL-logo360x360.jpg\",\"contentUrl\":\"https:\\\/\\\/www.dvo45.fr\\\/wp-content\\\/uploads\\\/2020\\\/11\\\/GROUPEMENT-PAROISSIAL-logo360x360.jpg\",\"width\":360,\"height\":360,\"caption\":\"Groupement Paroissial de Beaugency-Meung\\\/Loire\"},\"image\":{\"@id\":\"https:\\\/\\\/www.dvo45.fr\\\/#\\\/schema\\\/logo\\\/image\\\/\"},\"sameAs\":[\"https:\\\/\\\/www.facebook.com\\\/Le-groupe-paroissial-de-Beaugency-Meung-sur-loire-135382090421585\",\"https:\\\/\\\/www.youtube.com\\\/channel\\\/UCQuQV3-lctEa6-fnRMjXZeQ\"]}]}<\/script>\n<!-- \/ Yoast SEO plugin. -->","yoast_head_json":{"title":"Fun\u00e9railles -","description":"groupement paroissial de Beaugency - Meung sur Loire","robots":{"index":"index","follow":"follow","max-snippet":"max-snippet:-1","max-image-preview":"max-image-preview:large","max-video-preview":"max-video-preview:-1"},"canonical":"https:\/\/www.dvo45.fr\/index.php\/etapes-de-la-vie\/obseques\/","og_locale":"fr_FR","og_type":"article","og_title":"Fun\u00e9railles -","og_description":"groupement paroissial de Beaugency - Meung sur Loire","og_url":"https:\/\/www.dvo45.fr\/index.php\/etapes-de-la-vie\/obseques\/","article_publisher":"https:\/\/www.facebook.com\/Le-groupe-paroissial-de-Beaugency-Meung-sur-loire-135382090421585","article_modified_time":"2022-10-13T07:11:53+00:00","twitter_card":"summary_large_image","twitter_misc":{"Dur\u00e9e de lecture estim\u00e9e":"1 minute"},"schema":{"@context":"https:\/\/schema.org","@graph":[{"@type":"WebPage","@id":"https:\/\/www.dvo45.fr\/index.php\/etapes-de-la-vie\/obseques\/","url":"https:\/\/www.dvo45.fr\/index.php\/etapes-de-la-vie\/obseques\/","name":"Fun\u00e9railles -","isPartOf":{"@id":"https:\/\/www.dvo45.fr\/#website"},"datePublished":"2020-03-08T23:34:49+00:00","dateModified":"2022-10-13T07:11:53+00:00","description":"groupement paroissial de Beaugency - Meung sur Loire","breadcrumb":{"@id":"https:\/\/www.dvo45.fr\/index.php\/etapes-de-la-vie\/obseques\/#breadcrumb"},"inLanguage":"fr-FR","potentialAction":[{"@type":"ReadAction","target":["https:\/\/www.dvo45.fr\/index.php\/etapes-de-la-vie\/obseques\/"]}]},{"@type":"BreadcrumbList","@id":"https:\/\/www.dvo45.fr\/index.php\/etapes-de-la-vie\/obseques\/#breadcrumb","itemListElement":[{"@type":"ListItem","position":1,"name":"Accueil","item":"https:\/\/www.dvo45.fr\/"},{"@type":"ListItem","position":2,"name":"ETAPES DE LA VIE","item":"https:\/\/www.dvo45.fr\/index.php\/etapes-de-la-vie\/"},{"@type":"ListItem","position":3,"name":"Fun\u00e9railles"}]},{"@type":"WebSite","@id":"https:\/\/www.dvo45.fr\/#website","url":"https:\/\/www.dvo45.fr\/","name":"","description":"Contactez nous au : 02-38-45-28-93","publisher":{"@id":"https:\/\/www.dvo45.fr\/#organization"},"potentialAction":[{"@type":"SearchAction","target":{"@type":"EntryPoint","urlTemplate":"https:\/\/www.dvo45.fr\/?s={search_term_string}"},"query-input":{"@type":"PropertyValueSpecification","valueRequired":true,"valueName":"search_term_string"}}],"inLanguage":"fr-FR"},{"@type":"Organization","@id":"https:\/\/www.dvo45.fr\/#organization","name":"Groupement Paroissial de Beaugency-Meung\/Loire","url":"https:\/\/www.dvo45.fr\/","logo":{"@type":"ImageObject","inLanguage":"fr-FR","@id":"https:\/\/www.dvo45.fr\/#\/schema\/logo\/image\/","url":"https:\/\/www.dvo45.fr\/wp-content\/uploads\/2020\/11\/GROUPEMENT-PAROISSIAL-logo360x360.jpg","contentUrl":"https:\/\/www.dvo45.fr\/wp-content\/uploads\/2020\/11\/GROUPEMENT-PAROISSIAL-logo360x360.jpg","width":360,"height":360,"caption":"Groupement Paroissial de Beaugency-Meung\/Loire"},"image":{"@id":"https:\/\/www.dvo45.fr\/#\/schema\/logo\/image\/"},"sameAs":["https:\/\/www.facebook.com\/Le-groupe-paroissial-de-Beaugency-Meung-sur-loire-135382090421585","https:\/\/www.youtube.com\/channel\/UCQuQV3-lctEa6-fnRMjXZeQ"]}]}},"_links":{"self":[{"href":"https:\/\/www.dvo45.fr\/index.php\/wp-json\/wp\/v2\/pages\/23052","targetHints":{"allow":["GET"]}}],"collection":[{"href":"https:\/\/www.dvo45.fr\/index.php\/wp-json\/wp\/v2\/pages"}],"about":[{"href":"https:\/\/www.dvo45.fr\/index.php\/wp-json\/wp\/v2\/types\/page"}],"author":[{"embeddable":true,"href":"https:\/\/www.dvo45.fr\/index.php\/wp-json\/wp\/v2\/users\/1"}],"replies":[{"embeddable":true,"href":"https:\/\/www.dvo45.fr\/index.php\/wp-json\/wp\/v2\/comments?post=23052"}],"version-history":[{"count":5,"href":"https:\/\/www.dvo45.fr\/index.php\/wp-json\/wp\/v2\/pages\/23052\/revisions"}],"predecessor-version":[{"id":27072,"href":"https:\/\/www.dvo45.fr\/index.php\/wp-json\/wp\/v2\/pages\/23052\/revisions\/27072"}],"up":[{"embeddable":true,"href":"https:\/\/www.dvo45.fr\/index.php\/wp-json\/wp\/v2\/pages\/55"}],"wp:attachment":[{"href":"https:\/\/www.dvo45.fr\/index.php\/wp-json\/wp\/v2\/media?parent=23052"}],"curies":[{"name":"wp","href":"https:\/\/api.w.org\/{rel}","templated":true}]}}