{"id":23098,"date":"2020-03-09T19:04:17","date_gmt":"2020-03-09T18:04:17","guid":{"rendered":"http:\/\/www.dvo45.fr\/?page_id=23098"},"modified":"2024-11-25T13:34:53","modified_gmt":"2024-11-25T13:34:53","slug":"les-delegues-paroissiaux","status":"publish","type":"page","link":"https:\/\/www.dvo45.fr\/index.php\/eap-2\/les-delegues-paroissiaux\/","title":{"rendered":"Conseils pastoraux locaux"},"content":{"rendered":"\n<p>11 d\u00e9l\u00e9gu\u00e9s entretiennent les liens pastoraux pour la plus grande proximit\u00e9 sociale, religieuse et humaine dans les 11 communes de notre groupement.<\/p>\n\n\n\n<p>Ils se r\u00e9unissent toutes les six semaines environ pour \u00e9changer ce qui se vit localement et font le lien avec les pouvoirs publics et les autres acteurs pastoraux. <\/p>\n\n\n\n<p>Ils rencontrent r\u00e9guli\u00e8rement \u00e9galement l&rsquo;EAP au sein du conseil pastoral.<\/p>\n\n\n\n<p><\/p>\n","protected":false},"excerpt":{"rendered":"<p>11 d\u00e9l\u00e9gu\u00e9s entretiennent les liens pastoraux pour la plus grande proximit\u00e9 sociale, religieuse et humaine dans les 11 communes de notre groupement. Ils se r\u00e9unissent toutes les six semaines environ pour \u00e9changer ce qui se vit localement et font le<\/p>\n","protected":false},"author":1,"featured_media":0,"parent":22505,"menu_order":20,"comment_status":"closed","ping_status":"closed","template":"","meta":{"footnotes":""},"class_list":["post-23098","page","type-page","status-publish","hentry"],"yoast_head":"<!-- This site is optimized with the Yoast SEO plugin v27.3 - https:\/\/yoast.com\/product\/yoast-seo-wordpress\/ -->\n<title>Conseils pastoraux locaux -<\/title>\n<meta name=\"description\" content=\"groupement paroissial de Beaugency - Meung sur Loire\" \/>\n<meta name=\"robots\" content=\"index, follow, max-snippet:-1, max-image-preview:large, max-video-preview:-1\" \/>\n<link rel=\"canonical\" href=\"https:\/\/www.dvo45.fr\/index.php\/eap-2\/les-delegues-paroissiaux\/\" \/>\n<meta property=\"og:locale\" content=\"fr_FR\" \/>\n<meta property=\"og:type\" content=\"article\" \/>\n<meta property=\"og:title\" content=\"Conseils pastoraux locaux -\" \/>\n<meta property=\"og:description\" content=\"groupement paroissial de Beaugency - Meung sur Loire\" \/>\n<meta property=\"og:url\" content=\"https:\/\/www.dvo45.fr\/index.php\/eap-2\/les-delegues-paroissiaux\/\" \/>\n<meta property=\"article:publisher\" content=\"https:\/\/www.facebook.com\/Le-groupe-paroissial-de-Beaugency-Meung-sur-loire-135382090421585\" \/>\n<meta property=\"article:modified_time\" content=\"2024-11-25T13:34:53+00:00\" \/>\n<meta name=\"twitter:card\" content=\"summary_large_image\" \/>\n<meta name=\"twitter:label1\" content=\"Dur\u00e9e de lecture estim\u00e9e\" \/>\n\t<meta name=\"twitter:data1\" content=\"1 minute\" \/>\n<script type=\"application\/ld+json\" class=\"yoast-schema-graph\">{\"@context\":\"https:\\\/\\\/schema.org\",\"@graph\":[{\"@type\":\"WebPage\",\"@id\":\"https:\\\/\\\/www.dvo45.fr\\\/index.php\\\/eap-2\\\/les-delegues-paroissiaux\\\/\",\"url\":\"https:\\\/\\\/www.dvo45.fr\\\/index.php\\\/eap-2\\\/les-delegues-paroissiaux\\\/\",\"name\":\"Conseils pastoraux locaux -\",\"isPartOf\":{\"@id\":\"https:\\\/\\\/www.dvo45.fr\\\/#website\"},\"datePublished\":\"2020-03-09T18:04:17+00:00\",\"dateModified\":\"2024-11-25T13:34:53+00:00\",\"description\":\"groupement paroissial de Beaugency - Meung sur Loire\",\"breadcrumb\":{\"@id\":\"https:\\\/\\\/www.dvo45.fr\\\/index.php\\\/eap-2\\\/les-delegues-paroissiaux\\\/#breadcrumb\"},\"inLanguage\":\"fr-FR\",\"potentialAction\":[{\"@type\":\"ReadAction\",\"target\":[\"https:\\\/\\\/www.dvo45.fr\\\/index.php\\\/eap-2\\\/les-delegues-paroissiaux\\\/\"]}]},{\"@type\":\"BreadcrumbList\",\"@id\":\"https:\\\/\\\/www.dvo45.fr\\\/index.php\\\/eap-2\\\/les-delegues-paroissiaux\\\/#breadcrumb\",\"itemListElement\":[{\"@type\":\"ListItem\",\"position\":1,\"name\":\"Accueil\",\"item\":\"https:\\\/\\\/www.dvo45.fr\\\/\"},{\"@type\":\"ListItem\",\"position\":2,\"name\":\"VIE DE LA PAROISSE\",\"item\":\"https:\\\/\\\/www.dvo45.fr\\\/index.php\\\/eap-2\\\/\"},{\"@type\":\"ListItem\",\"position\":3,\"name\":\"Conseils pastoraux locaux\"}]},{\"@type\":\"WebSite\",\"@id\":\"https:\\\/\\\/www.dvo45.fr\\\/#website\",\"url\":\"https:\\\/\\\/www.dvo45.fr\\\/\",\"name\":\"\",\"description\":\"Contactez nous au : 02-38-45-28-93\",\"publisher\":{\"@id\":\"https:\\\/\\\/www.dvo45.fr\\\/#organization\"},\"potentialAction\":[{\"@type\":\"SearchAction\",\"target\":{\"@type\":\"EntryPoint\",\"urlTemplate\":\"https:\\\/\\\/www.dvo45.fr\\\/?s={search_term_string}\"},\"query-input\":{\"@type\":\"PropertyValueSpecification\",\"valueRequired\":true,\"valueName\":\"search_term_string\"}}],\"inLanguage\":\"fr-FR\"},{\"@type\":\"Organization\",\"@id\":\"https:\\\/\\\/www.dvo45.fr\\\/#organization\",\"name\":\"Groupement Paroissial de Beaugency-Meung\\\/Loire\",\"url\":\"https:\\\/\\\/www.dvo45.fr\\\/\",\"logo\":{\"@type\":\"ImageObject\",\"inLanguage\":\"fr-FR\",\"@id\":\"https:\\\/\\\/www.dvo45.fr\\\/#\\\/schema\\\/logo\\\/image\\\/\",\"url\":\"https:\\\/\\\/www.dvo45.fr\\\/wp-content\\\/uploads\\\/2020\\\/11\\\/GROUPEMENT-PAROISSIAL-logo360x360.jpg\",\"contentUrl\":\"https:\\\/\\\/www.dvo45.fr\\\/wp-content\\\/uploads\\\/2020\\\/11\\\/GROUPEMENT-PAROISSIAL-logo360x360.jpg\",\"width\":360,\"height\":360,\"caption\":\"Groupement Paroissial de Beaugency-Meung\\\/Loire\"},\"image\":{\"@id\":\"https:\\\/\\\/www.dvo45.fr\\\/#\\\/schema\\\/logo\\\/image\\\/\"},\"sameAs\":[\"https:\\\/\\\/www.facebook.com\\\/Le-groupe-paroissial-de-Beaugency-Meung-sur-loire-135382090421585\",\"https:\\\/\\\/www.youtube.com\\\/channel\\\/UCQuQV3-lctEa6-fnRMjXZeQ\"]}]}<\/script>\n<!-- \/ Yoast SEO plugin. -->","yoast_head_json":{"title":"Conseils pastoraux locaux -","description":"groupement paroissial de Beaugency - Meung sur Loire","robots":{"index":"index","follow":"follow","max-snippet":"max-snippet:-1","max-image-preview":"max-image-preview:large","max-video-preview":"max-video-preview:-1"},"canonical":"https:\/\/www.dvo45.fr\/index.php\/eap-2\/les-delegues-paroissiaux\/","og_locale":"fr_FR","og_type":"article","og_title":"Conseils pastoraux locaux -","og_description":"groupement paroissial de Beaugency - Meung sur Loire","og_url":"https:\/\/www.dvo45.fr\/index.php\/eap-2\/les-delegues-paroissiaux\/","article_publisher":"https:\/\/www.facebook.com\/Le-groupe-paroissial-de-Beaugency-Meung-sur-loire-135382090421585","article_modified_time":"2024-11-25T13:34:53+00:00","twitter_card":"summary_large_image","twitter_misc":{"Dur\u00e9e de lecture estim\u00e9e":"1 minute"},"schema":{"@context":"https:\/\/schema.org","@graph":[{"@type":"WebPage","@id":"https:\/\/www.dvo45.fr\/index.php\/eap-2\/les-delegues-paroissiaux\/","url":"https:\/\/www.dvo45.fr\/index.php\/eap-2\/les-delegues-paroissiaux\/","name":"Conseils pastoraux locaux -","isPartOf":{"@id":"https:\/\/www.dvo45.fr\/#website"},"datePublished":"2020-03-09T18:04:17+00:00","dateModified":"2024-11-25T13:34:53+00:00","description":"groupement paroissial de Beaugency - Meung sur Loire","breadcrumb":{"@id":"https:\/\/www.dvo45.fr\/index.php\/eap-2\/les-delegues-paroissiaux\/#breadcrumb"},"inLanguage":"fr-FR","potentialAction":[{"@type":"ReadAction","target":["https:\/\/www.dvo45.fr\/index.php\/eap-2\/les-delegues-paroissiaux\/"]}]},{"@type":"BreadcrumbList","@id":"https:\/\/www.dvo45.fr\/index.php\/eap-2\/les-delegues-paroissiaux\/#breadcrumb","itemListElement":[{"@type":"ListItem","position":1,"name":"Accueil","item":"https:\/\/www.dvo45.fr\/"},{"@type":"ListItem","position":2,"name":"VIE DE LA PAROISSE","item":"https:\/\/www.dvo45.fr\/index.php\/eap-2\/"},{"@type":"ListItem","position":3,"name":"Conseils pastoraux locaux"}]},{"@type":"WebSite","@id":"https:\/\/www.dvo45.fr\/#website","url":"https:\/\/www.dvo45.fr\/","name":"","description":"Contactez nous au : 02-38-45-28-93","publisher":{"@id":"https:\/\/www.dvo45.fr\/#organization"},"potentialAction":[{"@type":"SearchAction","target":{"@type":"EntryPoint","urlTemplate":"https:\/\/www.dvo45.fr\/?s={search_term_string}"},"query-input":{"@type":"PropertyValueSpecification","valueRequired":true,"valueName":"search_term_string"}}],"inLanguage":"fr-FR"},{"@type":"Organization","@id":"https:\/\/www.dvo45.fr\/#organization","name":"Groupement Paroissial de Beaugency-Meung\/Loire","url":"https:\/\/www.dvo45.fr\/","logo":{"@type":"ImageObject","inLanguage":"fr-FR","@id":"https:\/\/www.dvo45.fr\/#\/schema\/logo\/image\/","url":"https:\/\/www.dvo45.fr\/wp-content\/uploads\/2020\/11\/GROUPEMENT-PAROISSIAL-logo360x360.jpg","contentUrl":"https:\/\/www.dvo45.fr\/wp-content\/uploads\/2020\/11\/GROUPEMENT-PAROISSIAL-logo360x360.jpg","width":360,"height":360,"caption":"Groupement Paroissial de Beaugency-Meung\/Loire"},"image":{"@id":"https:\/\/www.dvo45.fr\/#\/schema\/logo\/image\/"},"sameAs":["https:\/\/www.facebook.com\/Le-groupe-paroissial-de-Beaugency-Meung-sur-loire-135382090421585","https:\/\/www.youtube.com\/channel\/UCQuQV3-lctEa6-fnRMjXZeQ"]}]}},"_links":{"self":[{"href":"https:\/\/www.dvo45.fr\/index.php\/wp-json\/wp\/v2\/pages\/23098","targetHints":{"allow":["GET"]}}],"collection":[{"href":"https:\/\/www.dvo45.fr\/index.php\/wp-json\/wp\/v2\/pages"}],"about":[{"href":"https:\/\/www.dvo45.fr\/index.php\/wp-json\/wp\/v2\/types\/page"}],"author":[{"embeddable":true,"href":"https:\/\/www.dvo45.fr\/index.php\/wp-json\/wp\/v2\/users\/1"}],"replies":[{"embeddable":true,"href":"https:\/\/www.dvo45.fr\/index.php\/wp-json\/wp\/v2\/comments?post=23098"}],"version-history":[{"count":13,"href":"https:\/\/www.dvo45.fr\/index.php\/wp-json\/wp\/v2\/pages\/23098\/revisions"}],"predecessor-version":[{"id":28259,"href":"https:\/\/www.dvo45.fr\/index.php\/wp-json\/wp\/v2\/pages\/23098\/revisions\/28259"}],"up":[{"embeddable":true,"href":"https:\/\/www.dvo45.fr\/index.php\/wp-json\/wp\/v2\/pages\/22505"}],"wp:attachment":[{"href":"https:\/\/www.dvo45.fr\/index.php\/wp-json\/wp\/v2\/media?parent=23098"}],"curies":[{"name":"wp","href":"https:\/\/api.w.org\/{rel}","templated":true}]}}