{"id":23105,"date":"2020-03-09T23:55:39","date_gmt":"2020-03-09T22:55:39","guid":{"rendered":"http:\/\/www.dvo45.fr\/?page_id=23105"},"modified":"2023-07-28T07:54:58","modified_gmt":"2023-07-28T07:54:58","slug":"denier-de-leglise","status":"publish","type":"page","link":"https:\/\/www.dvo45.fr\/index.php\/fraternite-et-solidarite\/denier-de-leglise\/","title":{"rendered":"Denier de l&rsquo;Eglise et Offrandes"},"content":{"rendered":"\n<p><\/p>\n\n\n\n<p><mark style=\"background-color:rgba(0, 0, 0, 0)\" class=\"has-inline-color has-vivid-green-cyan-color\">Jusqu&rsquo;au 31 d\u00e9cembre 2021 Pour soutenir les associations confessionnelles, la loi de finances rectificative augmente temporairement les d\u00e9ductions fiscales de 66 % \u00e0 75 % dans la limite de 554 \u20ac. Cette r\u00e9duction d&rsquo;imp\u00f4t de 75 % pour un don d&rsquo;un montant inf\u00e9rieur ou \u00e9gal \u00e0 1 000 \u20ac a \u00e9t\u00e9 appliqu\u00e9e, \u00e0 titre exceptionnel en 2020 et 2021. <strong>La\u00a0<a href=\"https:\/\/www.legifrance.gouv.fr\/jorf\/article_jo\/JORFARTI000044637734\" target=\"_blank\" rel=\"noreferrer noopener\">loi de finances pour 2022 (article 77)<\/a>\u00a0prolonge ce dispositif exceptionnel jusqu&rsquo;au 31 d\u00e9cembre 2023<\/strong>.<\/mark><\/p>\n\n\n\n<p><mark style=\"background-color:rgba(0, 0, 0, 0)\" class=\"has-inline-color has-vivid-green-cyan-color\">\u2022 Jusqu\u2019\u00e0 554 \u20ac de dons \u2013 la d\u00e9duction fiscale est de 75 %. <\/mark><\/p>\n\n\n\n<p><mark style=\"background-color:rgba(0, 0, 0, 0)\" class=\"has-inline-color has-vivid-green-cyan-color\">\u2022Au-del\u00e0 de 554 \u20ac de dons \u2013 la d\u00e9duction fiscale est de 66 %. Ainsi : <\/mark><\/p>\n\n\n\n<p><mark style=\"background-color:rgba(0, 0, 0, 0)\" class=\"has-inline-color has-vivid-green-cyan-color\">\u2022Un don de 100 \u20ac permet une d\u00e9duction fiscale de 75 \u20ac. Soit un co\u00fbt r\u00e9el de don de 25 \u20ac. <\/mark><\/p>\n\n\n\n<p><mark style=\"background-color:rgba(0, 0, 0, 0)\" class=\"has-inline-color has-vivid-green-cyan-color\">\u2022Un don de 1 000 \u20ac permet une d\u00e9duction fiscale de 710 \u20ac. Soit un co\u00fbt r\u00e9el de don de 290 \u20ac<\/mark><\/p>\n\n\n\n<h4 class=\"wp-block-heading\"><strong>Pourquoi fait-on la qu\u00eate ?<\/strong><\/h4>\n\n\n\n<p class=\"has-black-color has-text-color\"><strong><span class=\"has-inline-color has-black-color\">La qu\u00eate est un geste de solidarit\u00e9 et de communion <\/span>des catholiques<\/strong> pour la vie de leurs paroisses. L\u2019argent collect\u00e9 \u00e0 cette occasion permet de faire face aux charges de &nbsp;fonctionnement d\u2019une paroisse : chauffage, \u00e9clairage, entretien et r\u00e9paration des b\u00e2timents, fleurissement de l\u2019\u00e9glise, documentation, etc.<br> Ressource vitale pour les paroisses,<strong><span class=\"has-inline-color has-black-color\"> la qu\u00eate a un sens liturgique <\/span><\/strong>: au moment de l\u2019offertoire, pendant que le pr\u00eatre pr\u00e9sente le Pain et le Vin \u00e0 l\u2019autel, les fid\u00e8les font don par la qu\u00eate d\u2019une partie du fruit de leur travail.<\/p>\n\n\n\n<h4 class=\"wp-block-heading\"><strong>Combien donner pour la qu\u00eate ?<\/strong><\/h4>\n\n\n\n<p>Le montant de la participation \u00e0 la qu\u00eate rel\u00e8ve bien \u00e9videmment d\u2019un choix personnel et des moyens financiers de chacun. Toutefois, \u00e0 titre indicatif, il est conseill\u00e9 de donner par personne au moins 2 \u20ac lors de chaque qu\u00eate, afin de permettre \u00e0 sa paroisse d\u2019assumer ses d\u00e9penses. On compte environ 60 qu\u00eates par an : 52 dimanches et 8 solennit\u00e9s et f\u00eates.<\/p>\n\n\n\n<h4 class=\"wp-block-heading\"><strong>Offrande de messe <\/strong><\/h4>\n\n\n\n<p>Chaque messe \u00ab&nbsp;est c\u00e9l\u00e9br\u00e9e en communion avec toute l\u2019\u00c9glise du ciel et de la terre, des vivants et des d\u00e9funts&nbsp;\u00bb<sup>&nbsp;[<a href=\"https:\/\/www.paris.catholique.fr\/-les-offrandes-.html#nb1\">1<\/a>]<\/sup>. Mais le c\u00e9l\u00e9brant peut, \u00e0 votre demande, ajouter une intention particuli\u00e8re, pour un d\u00e9funt ou pour une autre personne.<\/p>\n\n\n\n<p>Ainsi \u00ab&nbsp;tout pr\u00eatre c\u00e9l\u00e9brant ou conc\u00e9l\u00e9brant la messe peut recevoir une offrande, pour qu\u2019il applique la messe \u00e0 une intention d\u00e9termin\u00e9e.&nbsp;\u00bb Il est d\u2019ailleurs \u00ab&nbsp;vivement recommand\u00e9 aux pr\u00eatres, m\u00eame s\u2019ils n\u2019ont pas re\u00e7u d\u2019offrande, de c\u00e9l\u00e9brer la messe aux intentions des fid\u00e8les, surtout de ceux qui sont dans le besoin.&nbsp;\u00bb<sup>&nbsp;[<a href=\"https:\/\/www.paris.catholique.fr\/-les-offrandes-.html#nb2\">2<\/a>]<\/sup><\/p>\n\n\n\n<p>Les offrandes sont une aide pour assurer la vie quotidienne des pr\u00eatres.<\/p>\n\n\n\n<p> Un <a href=\"https:\/\/www.paris.catholique.fr\/baremes-administratifs.html\" target=\"_blank\" rel=\"noreferrer noopener\">montant indicatif est propos\u00e9 par la Conf\u00e9rence des \u00c9v\u00eaques de France<\/a>&nbsp;:<\/p>\n\n\n\n<p>Offrande de messe\u00a0: 18 \u20ac<\/p>\n\n\n\n<p>Pour demander qu&rsquo;une intention particuli\u00e8re soit c\u00e9l\u00e9br\u00e9e au cours d&rsquo;une messe de notre groupement, vous pouvez envoyer votre demande au CIP avec l&rsquo;offrande associ\u00e9e. N&rsquo;h\u00e9sitez pas \u00e0 anticiper votre demande (d&rsquo;au moins 4 semaines) si vous souhaitez que l&rsquo;intention soit identifi\u00e9e dans le livret interparoissial \u00ab\u00a0Tous Fr\u00e8res\u00a0\u00bb<\/p>\n\n\n\n<ul class=\"wp-block-list\">\n<li>\u00a0Centre InterParoissial Beaugency &#8211; Meung-sur-Loire<\/li>\n\n\n\n<li> 109 rue\u00a0 Abb\u00e9 Pasty, <\/li>\n\n\n\n<li>45130 Baule<\/li>\n<\/ul>\n\n\n\n<p><br><\/p>\n\n\n\n<h4 class=\"wp-block-heading\"><strong>Offrandes \u00e0 l\u2019occasion d\u2019un bapt\u00eame, d\u2019un mariage ou d\u2019une c\u00e9l\u00e9bration de fun\u00e9railles<\/strong><\/h4>\n\n\n\n<p>L\u2019\u00c9glise accompagne et donne sens aux \u00e9v\u00e9nements de la vie. Elle assure une pr\u00e9sence, un accueil, un accompagnement, tout cela est gratuit comme l\u2019amour de Dieu. Faire une offrande \u00e0 l\u2019\u00c9glise au moment de la c\u00e9l\u00e9bration d\u2019un bapt\u00eame, d\u2019un mariage ou de fun\u00e9railles, c\u2019est aussi entrer dans cette d\u00e9marche du don. <br>\nIl ne s\u2019agit donc pas de payer  le  bapt\u00eame, le mariage ou la c\u00e9l\u00e9bration de fun\u00e9railles que l\u2019on a demand\u00e9, mais de participer g\u00e9n\u00e9reusement  \u00e0 la vie de la paroisse.<\/p>\n\n\n\n<p>Par votre don, vous apportez \u00e0 l\u2019\u00c9glise le soutien mat\u00e9riel n\u00e9cessaire pour remplir son service envers vous et envers tous. Soyez-en vivement remerci\u00e9s.<\/p>\n\n\n\n<p><sup>[<a href=\"https:\/\/www.paris.catholique.fr\/-les-offrandes-.html#nh1\">1<\/a>]&nbsp;<\/sup><a href=\"http:\/\/www.vatican.va\/archive\/FRA0013\/__P3V.HTM\" target=\"_blank\" rel=\"noreferrer noopener\"><em>Cat\u00e9chisme de l\u2019\u00c9glise catholique<\/em>, \u00a7 1354<\/a><\/p>\n\n\n\n<p><sup>[<a href=\"https:\/\/www.paris.catholique.fr\/-les-offrandes-.html#nh2\">2<\/a>]&nbsp;<\/sup><a href=\"http:\/\/www.vatican.va\/archive\/FRA0037\/_P3A.HTM\" target=\"_blank\" rel=\"noreferrer noopener\"><em>Code de Droit Canonique<\/em>, Can. 945<\/a><\/p>\n\n\n\n<h4 class=\"wp-block-heading\"><strong>Comment donner? <\/strong><\/h4>\n\n\n\n<p>Vous pouvez donner de deux fa\u00e7ons, dans les deux cas votre don revient \u00e0 notre groupement paroissial : <\/p>\n\n\n\n<p> &#8211; <strong>soit  par virement sur le compte bancaire de notre groupement<\/strong><\/p>\n\n\n\n<p>Cr\u00e9dit Agricole Centre Loire<\/p>\n\n\n\n<p>Iban : FR76 1480 6000  2172 0102 5243 261<\/p>\n\n\n\n<p>Bic   : AGRIFRPP848<\/p>\n\n\n\n<p>&#8211; <strong>soit par carte bancaire<\/strong><\/p>\n\n\n\n<figure class=\"wp-block-image alignleft size-large is-resized is-style-default\"><a href=\"https:\/\/jedonnealeglise.fr\/0d2a9314-fd92-4cd9-82fd-e8a046dcbad7\" target=\"_blank\" rel=\"noopener noreferrer\"><img loading=\"lazy\" decoding=\"async\" src=\"https:\/\/www.dvo45.fr\/wp-content\/uploads\/2020\/11\/telechargement.png\" alt=\"\" class=\"wp-image-25333\" width=\"237\" height=\"119\"\/><\/a><\/figure>\n\n\n\n<p><\/p>\n","protected":false},"excerpt":{"rendered":"<p>Jusqu&rsquo;au 31 d\u00e9cembre 2021 Pour soutenir les associations confessionnelles, la loi de finances rectificative augmente temporairement les d\u00e9ductions fiscales de 66 % \u00e0 75 % dans la limite de 554 \u20ac. Cette r\u00e9duction d&rsquo;imp\u00f4t de 75 % pour un don<\/p>\n","protected":false},"author":1,"featured_media":0,"parent":402,"menu_order":50,"comment_status":"closed","ping_status":"closed","template":"","meta":{"footnotes":""},"class_list":["post-23105","page","type-page","status-publish","hentry"],"yoast_head":"<!-- This site is optimized with the Yoast SEO plugin v27.3 - https:\/\/yoast.com\/product\/yoast-seo-wordpress\/ -->\n<title>Denier de l&#039;Eglise et Offrandes -<\/title>\n<meta name=\"description\" content=\"groupement paroissial de Beaugency - Meung sur Loire\" \/>\n<meta name=\"robots\" content=\"index, follow, max-snippet:-1, max-image-preview:large, max-video-preview:-1\" \/>\n<link rel=\"canonical\" href=\"https:\/\/www.dvo45.fr\/index.php\/fraternite-et-solidarite\/denier-de-leglise\/\" \/>\n<meta property=\"og:locale\" content=\"fr_FR\" \/>\n<meta property=\"og:type\" content=\"article\" \/>\n<meta property=\"og:title\" content=\"Denier de l&#039;Eglise et Offrandes -\" \/>\n<meta property=\"og:description\" content=\"groupement paroissial de Beaugency - Meung sur Loire\" \/>\n<meta property=\"og:url\" content=\"https:\/\/www.dvo45.fr\/index.php\/fraternite-et-solidarite\/denier-de-leglise\/\" \/>\n<meta property=\"article:publisher\" content=\"https:\/\/www.facebook.com\/Le-groupe-paroissial-de-Beaugency-Meung-sur-loire-135382090421585\" \/>\n<meta property=\"article:modified_time\" content=\"2023-07-28T07:54:58+00:00\" \/>\n<meta property=\"og:image\" content=\"https:\/\/www.dvo45.fr\/wp-content\/uploads\/2020\/11\/telechargement.png\" \/>\n<meta name=\"twitter:card\" content=\"summary_large_image\" \/>\n<meta name=\"twitter:label1\" content=\"Dur\u00e9e de lecture estim\u00e9e\" \/>\n\t<meta name=\"twitter:data1\" content=\"4 minutes\" \/>\n<script type=\"application\/ld+json\" class=\"yoast-schema-graph\">{\"@context\":\"https:\\\/\\\/schema.org\",\"@graph\":[{\"@type\":\"WebPage\",\"@id\":\"https:\\\/\\\/www.dvo45.fr\\\/index.php\\\/fraternite-et-solidarite\\\/denier-de-leglise\\\/\",\"url\":\"https:\\\/\\\/www.dvo45.fr\\\/index.php\\\/fraternite-et-solidarite\\\/denier-de-leglise\\\/\",\"name\":\"Denier de l'Eglise et Offrandes -\",\"isPartOf\":{\"@id\":\"https:\\\/\\\/www.dvo45.fr\\\/#website\"},\"primaryImageOfPage\":{\"@id\":\"https:\\\/\\\/www.dvo45.fr\\\/index.php\\\/fraternite-et-solidarite\\\/denier-de-leglise\\\/#primaryimage\"},\"image\":{\"@id\":\"https:\\\/\\\/www.dvo45.fr\\\/index.php\\\/fraternite-et-solidarite\\\/denier-de-leglise\\\/#primaryimage\"},\"thumbnailUrl\":\"https:\\\/\\\/www.dvo45.fr\\\/wp-content\\\/uploads\\\/2020\\\/11\\\/telechargement.png\",\"datePublished\":\"2020-03-09T22:55:39+00:00\",\"dateModified\":\"2023-07-28T07:54:58+00:00\",\"description\":\"groupement paroissial de Beaugency - Meung sur Loire\",\"breadcrumb\":{\"@id\":\"https:\\\/\\\/www.dvo45.fr\\\/index.php\\\/fraternite-et-solidarite\\\/denier-de-leglise\\\/#breadcrumb\"},\"inLanguage\":\"fr-FR\",\"potentialAction\":[{\"@type\":\"ReadAction\",\"target\":[\"https:\\\/\\\/www.dvo45.fr\\\/index.php\\\/fraternite-et-solidarite\\\/denier-de-leglise\\\/\"]}]},{\"@type\":\"ImageObject\",\"inLanguage\":\"fr-FR\",\"@id\":\"https:\\\/\\\/www.dvo45.fr\\\/index.php\\\/fraternite-et-solidarite\\\/denier-de-leglise\\\/#primaryimage\",\"url\":\"https:\\\/\\\/www.dvo45.fr\\\/wp-content\\\/uploads\\\/2020\\\/11\\\/telechargement.png\",\"contentUrl\":\"https:\\\/\\\/www.dvo45.fr\\\/wp-content\\\/uploads\\\/2020\\\/11\\\/telechargement.png\",\"width\":271,\"height\":136},{\"@type\":\"BreadcrumbList\",\"@id\":\"https:\\\/\\\/www.dvo45.fr\\\/index.php\\\/fraternite-et-solidarite\\\/denier-de-leglise\\\/#breadcrumb\",\"itemListElement\":[{\"@type\":\"ListItem\",\"position\":1,\"name\":\"Accueil\",\"item\":\"https:\\\/\\\/www.dvo45.fr\\\/\"},{\"@type\":\"ListItem\",\"position\":2,\"name\":\"FRATERNITE ET SOLIDARITE\",\"item\":\"https:\\\/\\\/www.dvo45.fr\\\/index.php\\\/fraternite-et-solidarite\\\/\"},{\"@type\":\"ListItem\",\"position\":3,\"name\":\"Denier de l&#8217;Eglise et Offrandes\"}]},{\"@type\":\"WebSite\",\"@id\":\"https:\\\/\\\/www.dvo45.fr\\\/#website\",\"url\":\"https:\\\/\\\/www.dvo45.fr\\\/\",\"name\":\"\",\"description\":\"Contactez nous au : 02-38-45-28-93\",\"publisher\":{\"@id\":\"https:\\\/\\\/www.dvo45.fr\\\/#organization\"},\"potentialAction\":[{\"@type\":\"SearchAction\",\"target\":{\"@type\":\"EntryPoint\",\"urlTemplate\":\"https:\\\/\\\/www.dvo45.fr\\\/?s={search_term_string}\"},\"query-input\":{\"@type\":\"PropertyValueSpecification\",\"valueRequired\":true,\"valueName\":\"search_term_string\"}}],\"inLanguage\":\"fr-FR\"},{\"@type\":\"Organization\",\"@id\":\"https:\\\/\\\/www.dvo45.fr\\\/#organization\",\"name\":\"Groupement Paroissial de Beaugency-Meung\\\/Loire\",\"url\":\"https:\\\/\\\/www.dvo45.fr\\\/\",\"logo\":{\"@type\":\"ImageObject\",\"inLanguage\":\"fr-FR\",\"@id\":\"https:\\\/\\\/www.dvo45.fr\\\/#\\\/schema\\\/logo\\\/image\\\/\",\"url\":\"https:\\\/\\\/www.dvo45.fr\\\/wp-content\\\/uploads\\\/2020\\\/11\\\/GROUPEMENT-PAROISSIAL-logo360x360.jpg\",\"contentUrl\":\"https:\\\/\\\/www.dvo45.fr\\\/wp-content\\\/uploads\\\/2020\\\/11\\\/GROUPEMENT-PAROISSIAL-logo360x360.jpg\",\"width\":360,\"height\":360,\"caption\":\"Groupement Paroissial de Beaugency-Meung\\\/Loire\"},\"image\":{\"@id\":\"https:\\\/\\\/www.dvo45.fr\\\/#\\\/schema\\\/logo\\\/image\\\/\"},\"sameAs\":[\"https:\\\/\\\/www.facebook.com\\\/Le-groupe-paroissial-de-Beaugency-Meung-sur-loire-135382090421585\",\"https:\\\/\\\/www.youtube.com\\\/channel\\\/UCQuQV3-lctEa6-fnRMjXZeQ\"]}]}<\/script>\n<!-- \/ Yoast SEO plugin. -->","yoast_head_json":{"title":"Denier de l'Eglise et Offrandes -","description":"groupement paroissial de Beaugency - Meung sur Loire","robots":{"index":"index","follow":"follow","max-snippet":"max-snippet:-1","max-image-preview":"max-image-preview:large","max-video-preview":"max-video-preview:-1"},"canonical":"https:\/\/www.dvo45.fr\/index.php\/fraternite-et-solidarite\/denier-de-leglise\/","og_locale":"fr_FR","og_type":"article","og_title":"Denier de l'Eglise et Offrandes -","og_description":"groupement paroissial de Beaugency - Meung sur Loire","og_url":"https:\/\/www.dvo45.fr\/index.php\/fraternite-et-solidarite\/denier-de-leglise\/","article_publisher":"https:\/\/www.facebook.com\/Le-groupe-paroissial-de-Beaugency-Meung-sur-loire-135382090421585","article_modified_time":"2023-07-28T07:54:58+00:00","og_image":[{"url":"https:\/\/www.dvo45.fr\/wp-content\/uploads\/2020\/11\/telechargement.png","type":"","width":"","height":""}],"twitter_card":"summary_large_image","twitter_misc":{"Dur\u00e9e de lecture estim\u00e9e":"4 minutes"},"schema":{"@context":"https:\/\/schema.org","@graph":[{"@type":"WebPage","@id":"https:\/\/www.dvo45.fr\/index.php\/fraternite-et-solidarite\/denier-de-leglise\/","url":"https:\/\/www.dvo45.fr\/index.php\/fraternite-et-solidarite\/denier-de-leglise\/","name":"Denier de l'Eglise et Offrandes -","isPartOf":{"@id":"https:\/\/www.dvo45.fr\/#website"},"primaryImageOfPage":{"@id":"https:\/\/www.dvo45.fr\/index.php\/fraternite-et-solidarite\/denier-de-leglise\/#primaryimage"},"image":{"@id":"https:\/\/www.dvo45.fr\/index.php\/fraternite-et-solidarite\/denier-de-leglise\/#primaryimage"},"thumbnailUrl":"https:\/\/www.dvo45.fr\/wp-content\/uploads\/2020\/11\/telechargement.png","datePublished":"2020-03-09T22:55:39+00:00","dateModified":"2023-07-28T07:54:58+00:00","description":"groupement paroissial de Beaugency - Meung sur Loire","breadcrumb":{"@id":"https:\/\/www.dvo45.fr\/index.php\/fraternite-et-solidarite\/denier-de-leglise\/#breadcrumb"},"inLanguage":"fr-FR","potentialAction":[{"@type":"ReadAction","target":["https:\/\/www.dvo45.fr\/index.php\/fraternite-et-solidarite\/denier-de-leglise\/"]}]},{"@type":"ImageObject","inLanguage":"fr-FR","@id":"https:\/\/www.dvo45.fr\/index.php\/fraternite-et-solidarite\/denier-de-leglise\/#primaryimage","url":"https:\/\/www.dvo45.fr\/wp-content\/uploads\/2020\/11\/telechargement.png","contentUrl":"https:\/\/www.dvo45.fr\/wp-content\/uploads\/2020\/11\/telechargement.png","width":271,"height":136},{"@type":"BreadcrumbList","@id":"https:\/\/www.dvo45.fr\/index.php\/fraternite-et-solidarite\/denier-de-leglise\/#breadcrumb","itemListElement":[{"@type":"ListItem","position":1,"name":"Accueil","item":"https:\/\/www.dvo45.fr\/"},{"@type":"ListItem","position":2,"name":"FRATERNITE ET SOLIDARITE","item":"https:\/\/www.dvo45.fr\/index.php\/fraternite-et-solidarite\/"},{"@type":"ListItem","position":3,"name":"Denier de l&#8217;Eglise et Offrandes"}]},{"@type":"WebSite","@id":"https:\/\/www.dvo45.fr\/#website","url":"https:\/\/www.dvo45.fr\/","name":"","description":"Contactez nous au : 02-38-45-28-93","publisher":{"@id":"https:\/\/www.dvo45.fr\/#organization"},"potentialAction":[{"@type":"SearchAction","target":{"@type":"EntryPoint","urlTemplate":"https:\/\/www.dvo45.fr\/?s={search_term_string}"},"query-input":{"@type":"PropertyValueSpecification","valueRequired":true,"valueName":"search_term_string"}}],"inLanguage":"fr-FR"},{"@type":"Organization","@id":"https:\/\/www.dvo45.fr\/#organization","name":"Groupement Paroissial de Beaugency-Meung\/Loire","url":"https:\/\/www.dvo45.fr\/","logo":{"@type":"ImageObject","inLanguage":"fr-FR","@id":"https:\/\/www.dvo45.fr\/#\/schema\/logo\/image\/","url":"https:\/\/www.dvo45.fr\/wp-content\/uploads\/2020\/11\/GROUPEMENT-PAROISSIAL-logo360x360.jpg","contentUrl":"https:\/\/www.dvo45.fr\/wp-content\/uploads\/2020\/11\/GROUPEMENT-PAROISSIAL-logo360x360.jpg","width":360,"height":360,"caption":"Groupement Paroissial de Beaugency-Meung\/Loire"},"image":{"@id":"https:\/\/www.dvo45.fr\/#\/schema\/logo\/image\/"},"sameAs":["https:\/\/www.facebook.com\/Le-groupe-paroissial-de-Beaugency-Meung-sur-loire-135382090421585","https:\/\/www.youtube.com\/channel\/UCQuQV3-lctEa6-fnRMjXZeQ"]}]}},"_links":{"self":[{"href":"https:\/\/www.dvo45.fr\/index.php\/wp-json\/wp\/v2\/pages\/23105","targetHints":{"allow":["GET"]}}],"collection":[{"href":"https:\/\/www.dvo45.fr\/index.php\/wp-json\/wp\/v2\/pages"}],"about":[{"href":"https:\/\/www.dvo45.fr\/index.php\/wp-json\/wp\/v2\/types\/page"}],"author":[{"embeddable":true,"href":"https:\/\/www.dvo45.fr\/index.php\/wp-json\/wp\/v2\/users\/1"}],"replies":[{"embeddable":true,"href":"https:\/\/www.dvo45.fr\/index.php\/wp-json\/wp\/v2\/comments?post=23105"}],"version-history":[{"count":7,"href":"https:\/\/www.dvo45.fr\/index.php\/wp-json\/wp\/v2\/pages\/23105\/revisions"}],"predecessor-version":[{"id":27623,"href":"https:\/\/www.dvo45.fr\/index.php\/wp-json\/wp\/v2\/pages\/23105\/revisions\/27623"}],"up":[{"embeddable":true,"href":"https:\/\/www.dvo45.fr\/index.php\/wp-json\/wp\/v2\/pages\/402"}],"wp:attachment":[{"href":"https:\/\/www.dvo45.fr\/index.php\/wp-json\/wp\/v2\/media?parent=23105"}],"curies":[{"name":"wp","href":"https:\/\/api.w.org\/{rel}","templated":true}]}}