{"id":26364,"date":"2021-10-07T05:57:47","date_gmt":"2021-10-07T05:57:47","guid":{"rendered":"https:\/\/www.dvo45.fr\/?page_id=26364"},"modified":"2025-10-15T10:50:27","modified_gmt":"2025-10-15T10:50:27","slug":"comptes-rendus-des-delegues","status":"publish","type":"page","link":"https:\/\/www.dvo45.fr\/index.php\/eap-2\/leap\/comptes-rendus-des-delegues\/","title":{"rendered":"Comptes rendus des d\u00e9l\u00e9gu\u00e9s"},"content":{"rendered":"\n<div class=\"wp-block-file\"><a id=\"wp-block-file--media-6abda060-cce1-4f0b-89c5-bb92dcf877c4\" href=\"https:\/\/www.dvo45.fr\/wp-content\/uploads\/2025\/10\/CR-Conseil-des-delegues-13-oct-25.pdf\">CR Conseil des d\u00e9l\u00e9gu\u00e9s 13 oct 25<\/a><a href=\"https:\/\/www.dvo45.fr\/wp-content\/uploads\/2025\/10\/CR-Conseil-des-delegues-13-oct-25.pdf\" class=\"wp-block-file__button wp-element-button\" download aria-describedby=\"wp-block-file--media-6abda060-cce1-4f0b-89c5-bb92dcf877c4\">T\u00e9l\u00e9charger<\/a><\/div>\n\n\n\n<div class=\"wp-block-file\"><a id=\"wp-block-file--media-b6a2092f-9f9b-409e-9e65-5b9bb21188d1\" href=\"https:\/\/www.dvo45.fr\/wp-content\/uploads\/2024\/07\/CR-conseil-des-delegues-20.06.24.docx\">CR-conseil-des-delegues-20.06.24<\/a><a href=\"https:\/\/www.dvo45.fr\/wp-content\/uploads\/2024\/07\/CR-conseil-des-delegues-20.06.24.docx\" class=\"wp-block-file__button wp-element-button\" download aria-describedby=\"wp-block-file--media-b6a2092f-9f9b-409e-9e65-5b9bb21188d1\">T\u00e9l\u00e9charger<\/a><\/div>\n\n\n\n<div class=\"wp-block-file\"><a id=\"wp-block-file--media-d6fb9db0-da5a-49ff-9c93-8e9daf709bde\" href=\"https:\/\/www.dvo45.fr\/wp-content\/uploads\/2024\/02\/CR-CONSEIL-DES-DELEGUES-5-fev-2024.docx\">CR-CONSEIL-DES-DELEGUES-5-fev-2024<\/a><a href=\"https:\/\/www.dvo45.fr\/wp-content\/uploads\/2024\/02\/CR-CONSEIL-DES-DELEGUES-5-fev-2024.docx\" class=\"wp-block-file__button wp-element-button\" download aria-describedby=\"wp-block-file--media-d6fb9db0-da5a-49ff-9c93-8e9daf709bde\">T\u00e9l\u00e9charger<\/a><\/div>\n\n\n\n<div class=\"wp-block-file\"><a id=\"wp-block-file--media-2c2a751a-113c-4b4b-987b-93ac31eaf5e8\" href=\"https:\/\/www.dvo45.fr\/wp-content\/uploads\/2023\/07\/CR-Conseil-des-delegues-19-juin-23.docx\">CR-Conseil-des-delegues-19-juin-23<\/a><a href=\"https:\/\/www.dvo45.fr\/wp-content\/uploads\/2023\/07\/CR-Conseil-des-delegues-19-juin-23.docx\" class=\"wp-block-file__button wp-element-button\" download aria-describedby=\"wp-block-file--media-2c2a751a-113c-4b4b-987b-93ac31eaf5e8\">T\u00e9l\u00e9charger<\/a><\/div>\n\n\n\n<div class=\"wp-block-file\"><a id=\"wp-block-file--media-80219dd9-886e-4157-942f-5bef49907f44\" href=\"https:\/\/www.dvo45.fr\/wp-content\/uploads\/2022\/11\/CR-Conseil-des-delegues-22-nov.pdf\">CR-Conseil-des-delegues-22-nov<\/a><a href=\"https:\/\/www.dvo45.fr\/wp-content\/uploads\/2022\/11\/CR-Conseil-des-delegues-22-nov.pdf\" class=\"wp-block-file__button wp-element-button\" download aria-describedby=\"wp-block-file--media-80219dd9-886e-4157-942f-5bef49907f44\">T\u00e9l\u00e9charger<\/a><\/div>\n\n\n\n<div class=\"wp-block-file\"><a id=\"wp-block-file--media-c25bdc6a-a981-40a8-ba1e-bb4747bd4c0b\" href=\"https:\/\/www.dvo45.fr\/wp-content\/uploads\/2022\/10\/CR-29-sept-22-conseil-des-delegues-V2.docx\">CR-29-sept-22-conseil-des-delegues-V2<\/a><a href=\"https:\/\/www.dvo45.fr\/wp-content\/uploads\/2022\/10\/CR-29-sept-22-conseil-des-delegues-V2.docx\" class=\"wp-block-file__button wp-element-button\" download aria-describedby=\"wp-block-file--media-c25bdc6a-a981-40a8-ba1e-bb4747bd4c0b\">T\u00e9l\u00e9charger<\/a><\/div>\n\n\n\n<div class=\"wp-block-file\"><a id=\"wp-block-file--media-4c7cb261-d89e-4dd4-bfd5-66bc9648c9b5\" href=\"https:\/\/www.dvo45.fr\/wp-content\/uploads\/2022\/06\/Conseil-des-delegues-16-juin-2022.pdf\">Conseil-des-delegues-16-juin-2022<\/a><a href=\"https:\/\/www.dvo45.fr\/wp-content\/uploads\/2022\/06\/Conseil-des-delegues-16-juin-2022.pdf\" class=\"wp-block-file__button wp-element-button\" download aria-describedby=\"wp-block-file--media-4c7cb261-d89e-4dd4-bfd5-66bc9648c9b5\">T\u00e9l\u00e9charger<\/a><\/div>\n\n\n\n<div class=\"wp-block-file\"><a id=\"wp-block-file--media-91a991b7-62ac-4b8a-9c67-de4c33d0e82c\" href=\"https:\/\/www.dvo45.fr\/wp-content\/uploads\/2022\/01\/CR-17-janvier.pdf\">Conseil-des-delegues-17-janvier<\/a><a href=\"https:\/\/www.dvo45.fr\/wp-content\/uploads\/2022\/01\/CR-17-janvier.pdf\" class=\"wp-block-file__button wp-element-button\" download aria-describedby=\"wp-block-file--media-91a991b7-62ac-4b8a-9c67-de4c33d0e82c\">T\u00e9l\u00e9charger<\/a><\/div>\n\n\n\n<div class=\"wp-block-file\"><a id=\"wp-block-file--media-1c6300f5-5127-464d-8b67-328ebb0d08f4\" href=\"https:\/\/www.dvo45.fr\/wp-content\/uploads\/2021\/11\/CR-Conseil-des-delegues-22-nov.docx\">Conseil-des-delegues-22-novembre<\/a><a href=\"https:\/\/www.dvo45.fr\/wp-content\/uploads\/2021\/11\/CR-Conseil-des-delegues-22-nov.docx\" class=\"wp-block-file__button wp-element-button\" download aria-describedby=\"wp-block-file--media-1c6300f5-5127-464d-8b67-328ebb0d08f4\">T\u00e9l\u00e9charger<\/a><\/div>\n\n\n\n<div class=\"wp-block-file\"><a id=\"wp-block-file--media-3c539212-780f-4ae0-81fc-7ae816f3f216\" href=\"https:\/\/www.dvo45.fr\/wp-content\/uploads\/2021\/10\/CR-CONSEIL-DES-DELEGUES-30-sept.docx\">Conseil-des-delegues-30-septembre<\/a><a href=\"https:\/\/www.dvo45.fr\/wp-content\/uploads\/2021\/10\/CR-CONSEIL-DES-DELEGUES-30-sept.docx\" class=\"wp-block-file__button wp-element-button\" download aria-describedby=\"wp-block-file--media-3c539212-780f-4ae0-81fc-7ae816f3f216\">T\u00e9l\u00e9charger<\/a><\/div>\n","protected":false},"excerpt":{"rendered":"","protected":false},"author":1,"featured_media":0,"parent":23006,"menu_order":-3,"comment_status":"closed","ping_status":"closed","template":"","meta":{"footnotes":""},"class_list":["post-26364","page","type-page","status-publish","hentry"],"yoast_head":"<!-- This site is optimized with the Yoast SEO plugin v27.3 - https:\/\/yoast.com\/product\/yoast-seo-wordpress\/ -->\n<title>Comptes rendus des d\u00e9l\u00e9gu\u00e9s -<\/title>\n<meta name=\"description\" content=\"groupement paroissial de Beaugency - Meung sur Loire\" \/>\n<meta name=\"robots\" content=\"index, follow, max-snippet:-1, max-image-preview:large, max-video-preview:-1\" \/>\n<link rel=\"canonical\" href=\"https:\/\/www.dvo45.fr\/index.php\/eap-2\/leap\/comptes-rendus-des-delegues\/\" \/>\n<meta property=\"og:locale\" content=\"fr_FR\" \/>\n<meta property=\"og:type\" content=\"article\" \/>\n<meta property=\"og:title\" content=\"Comptes rendus des d\u00e9l\u00e9gu\u00e9s -\" \/>\n<meta property=\"og:description\" content=\"groupement paroissial de Beaugency - Meung sur Loire\" \/>\n<meta property=\"og:url\" content=\"https:\/\/www.dvo45.fr\/index.php\/eap-2\/leap\/comptes-rendus-des-delegues\/\" \/>\n<meta property=\"article:publisher\" content=\"https:\/\/www.facebook.com\/Le-groupe-paroissial-de-Beaugency-Meung-sur-loire-135382090421585\" \/>\n<meta property=\"article:modified_time\" content=\"2025-10-15T10:50:27+00:00\" \/>\n<meta name=\"twitter:card\" content=\"summary_large_image\" \/>\n<meta name=\"twitter:label1\" content=\"Dur\u00e9e de lecture estim\u00e9e\" \/>\n\t<meta name=\"twitter:data1\" content=\"1 minute\" \/>\n<script type=\"application\/ld+json\" class=\"yoast-schema-graph\">{\"@context\":\"https:\\\/\\\/schema.org\",\"@graph\":[{\"@type\":\"WebPage\",\"@id\":\"https:\\\/\\\/www.dvo45.fr\\\/index.php\\\/eap-2\\\/leap\\\/comptes-rendus-des-delegues\\\/\",\"url\":\"https:\\\/\\\/www.dvo45.fr\\\/index.php\\\/eap-2\\\/leap\\\/comptes-rendus-des-delegues\\\/\",\"name\":\"Comptes rendus des d\u00e9l\u00e9gu\u00e9s -\",\"isPartOf\":{\"@id\":\"https:\\\/\\\/www.dvo45.fr\\\/#website\"},\"datePublished\":\"2021-10-07T05:57:47+00:00\",\"dateModified\":\"2025-10-15T10:50:27+00:00\",\"description\":\"groupement paroissial de Beaugency - Meung sur Loire\",\"breadcrumb\":{\"@id\":\"https:\\\/\\\/www.dvo45.fr\\\/index.php\\\/eap-2\\\/leap\\\/comptes-rendus-des-delegues\\\/#breadcrumb\"},\"inLanguage\":\"fr-FR\",\"potentialAction\":[{\"@type\":\"ReadAction\",\"target\":[\"https:\\\/\\\/www.dvo45.fr\\\/index.php\\\/eap-2\\\/leap\\\/comptes-rendus-des-delegues\\\/\"]}]},{\"@type\":\"BreadcrumbList\",\"@id\":\"https:\\\/\\\/www.dvo45.fr\\\/index.php\\\/eap-2\\\/leap\\\/comptes-rendus-des-delegues\\\/#breadcrumb\",\"itemListElement\":[{\"@type\":\"ListItem\",\"position\":1,\"name\":\"Accueil\",\"item\":\"https:\\\/\\\/www.dvo45.fr\\\/\"},{\"@type\":\"ListItem\",\"position\":2,\"name\":\"VIE DE LA PAROISSE\",\"item\":\"https:\\\/\\\/www.dvo45.fr\\\/index.php\\\/eap-2\\\/\"},{\"@type\":\"ListItem\",\"position\":3,\"name\":\"L&rsquo;EAP\",\"item\":\"https:\\\/\\\/www.dvo45.fr\\\/index.php\\\/eap-2\\\/leap\\\/\"},{\"@type\":\"ListItem\",\"position\":4,\"name\":\"Comptes rendus des d\u00e9l\u00e9gu\u00e9s\"}]},{\"@type\":\"WebSite\",\"@id\":\"https:\\\/\\\/www.dvo45.fr\\\/#website\",\"url\":\"https:\\\/\\\/www.dvo45.fr\\\/\",\"name\":\"\",\"description\":\"Contactez nous au : 02-38-45-28-93\",\"publisher\":{\"@id\":\"https:\\\/\\\/www.dvo45.fr\\\/#organization\"},\"potentialAction\":[{\"@type\":\"SearchAction\",\"target\":{\"@type\":\"EntryPoint\",\"urlTemplate\":\"https:\\\/\\\/www.dvo45.fr\\\/?s={search_term_string}\"},\"query-input\":{\"@type\":\"PropertyValueSpecification\",\"valueRequired\":true,\"valueName\":\"search_term_string\"}}],\"inLanguage\":\"fr-FR\"},{\"@type\":\"Organization\",\"@id\":\"https:\\\/\\\/www.dvo45.fr\\\/#organization\",\"name\":\"Groupement Paroissial de Beaugency-Meung\\\/Loire\",\"url\":\"https:\\\/\\\/www.dvo45.fr\\\/\",\"logo\":{\"@type\":\"ImageObject\",\"inLanguage\":\"fr-FR\",\"@id\":\"https:\\\/\\\/www.dvo45.fr\\\/#\\\/schema\\\/logo\\\/image\\\/\",\"url\":\"https:\\\/\\\/www.dvo45.fr\\\/wp-content\\\/uploads\\\/2020\\\/11\\\/GROUPEMENT-PAROISSIAL-logo360x360.jpg\",\"contentUrl\":\"https:\\\/\\\/www.dvo45.fr\\\/wp-content\\\/uploads\\\/2020\\\/11\\\/GROUPEMENT-PAROISSIAL-logo360x360.jpg\",\"width\":360,\"height\":360,\"caption\":\"Groupement Paroissial de Beaugency-Meung\\\/Loire\"},\"image\":{\"@id\":\"https:\\\/\\\/www.dvo45.fr\\\/#\\\/schema\\\/logo\\\/image\\\/\"},\"sameAs\":[\"https:\\\/\\\/www.facebook.com\\\/Le-groupe-paroissial-de-Beaugency-Meung-sur-loire-135382090421585\",\"https:\\\/\\\/www.youtube.com\\\/channel\\\/UCQuQV3-lctEa6-fnRMjXZeQ\"]}]}<\/script>\n<!-- \/ Yoast SEO plugin. -->","yoast_head_json":{"title":"Comptes rendus des d\u00e9l\u00e9gu\u00e9s -","description":"groupement paroissial de Beaugency - Meung sur Loire","robots":{"index":"index","follow":"follow","max-snippet":"max-snippet:-1","max-image-preview":"max-image-preview:large","max-video-preview":"max-video-preview:-1"},"canonical":"https:\/\/www.dvo45.fr\/index.php\/eap-2\/leap\/comptes-rendus-des-delegues\/","og_locale":"fr_FR","og_type":"article","og_title":"Comptes rendus des d\u00e9l\u00e9gu\u00e9s -","og_description":"groupement paroissial de Beaugency - Meung sur Loire","og_url":"https:\/\/www.dvo45.fr\/index.php\/eap-2\/leap\/comptes-rendus-des-delegues\/","article_publisher":"https:\/\/www.facebook.com\/Le-groupe-paroissial-de-Beaugency-Meung-sur-loire-135382090421585","article_modified_time":"2025-10-15T10:50:27+00:00","twitter_card":"summary_large_image","twitter_misc":{"Dur\u00e9e de lecture estim\u00e9e":"1 minute"},"schema":{"@context":"https:\/\/schema.org","@graph":[{"@type":"WebPage","@id":"https:\/\/www.dvo45.fr\/index.php\/eap-2\/leap\/comptes-rendus-des-delegues\/","url":"https:\/\/www.dvo45.fr\/index.php\/eap-2\/leap\/comptes-rendus-des-delegues\/","name":"Comptes rendus des d\u00e9l\u00e9gu\u00e9s -","isPartOf":{"@id":"https:\/\/www.dvo45.fr\/#website"},"datePublished":"2021-10-07T05:57:47+00:00","dateModified":"2025-10-15T10:50:27+00:00","description":"groupement paroissial de Beaugency - Meung sur Loire","breadcrumb":{"@id":"https:\/\/www.dvo45.fr\/index.php\/eap-2\/leap\/comptes-rendus-des-delegues\/#breadcrumb"},"inLanguage":"fr-FR","potentialAction":[{"@type":"ReadAction","target":["https:\/\/www.dvo45.fr\/index.php\/eap-2\/leap\/comptes-rendus-des-delegues\/"]}]},{"@type":"BreadcrumbList","@id":"https:\/\/www.dvo45.fr\/index.php\/eap-2\/leap\/comptes-rendus-des-delegues\/#breadcrumb","itemListElement":[{"@type":"ListItem","position":1,"name":"Accueil","item":"https:\/\/www.dvo45.fr\/"},{"@type":"ListItem","position":2,"name":"VIE DE LA PAROISSE","item":"https:\/\/www.dvo45.fr\/index.php\/eap-2\/"},{"@type":"ListItem","position":3,"name":"L&rsquo;EAP","item":"https:\/\/www.dvo45.fr\/index.php\/eap-2\/leap\/"},{"@type":"ListItem","position":4,"name":"Comptes rendus des d\u00e9l\u00e9gu\u00e9s"}]},{"@type":"WebSite","@id":"https:\/\/www.dvo45.fr\/#website","url":"https:\/\/www.dvo45.fr\/","name":"","description":"Contactez nous au : 02-38-45-28-93","publisher":{"@id":"https:\/\/www.dvo45.fr\/#organization"},"potentialAction":[{"@type":"SearchAction","target":{"@type":"EntryPoint","urlTemplate":"https:\/\/www.dvo45.fr\/?s={search_term_string}"},"query-input":{"@type":"PropertyValueSpecification","valueRequired":true,"valueName":"search_term_string"}}],"inLanguage":"fr-FR"},{"@type":"Organization","@id":"https:\/\/www.dvo45.fr\/#organization","name":"Groupement Paroissial de Beaugency-Meung\/Loire","url":"https:\/\/www.dvo45.fr\/","logo":{"@type":"ImageObject","inLanguage":"fr-FR","@id":"https:\/\/www.dvo45.fr\/#\/schema\/logo\/image\/","url":"https:\/\/www.dvo45.fr\/wp-content\/uploads\/2020\/11\/GROUPEMENT-PAROISSIAL-logo360x360.jpg","contentUrl":"https:\/\/www.dvo45.fr\/wp-content\/uploads\/2020\/11\/GROUPEMENT-PAROISSIAL-logo360x360.jpg","width":360,"height":360,"caption":"Groupement Paroissial de Beaugency-Meung\/Loire"},"image":{"@id":"https:\/\/www.dvo45.fr\/#\/schema\/logo\/image\/"},"sameAs":["https:\/\/www.facebook.com\/Le-groupe-paroissial-de-Beaugency-Meung-sur-loire-135382090421585","https:\/\/www.youtube.com\/channel\/UCQuQV3-lctEa6-fnRMjXZeQ"]}]}},"_links":{"self":[{"href":"https:\/\/www.dvo45.fr\/index.php\/wp-json\/wp\/v2\/pages\/26364","targetHints":{"allow":["GET"]}}],"collection":[{"href":"https:\/\/www.dvo45.fr\/index.php\/wp-json\/wp\/v2\/pages"}],"about":[{"href":"https:\/\/www.dvo45.fr\/index.php\/wp-json\/wp\/v2\/types\/page"}],"author":[{"embeddable":true,"href":"https:\/\/www.dvo45.fr\/index.php\/wp-json\/wp\/v2\/users\/1"}],"replies":[{"embeddable":true,"href":"https:\/\/www.dvo45.fr\/index.php\/wp-json\/wp\/v2\/comments?post=26364"}],"version-history":[{"count":10,"href":"https:\/\/www.dvo45.fr\/index.php\/wp-json\/wp\/v2\/pages\/26364\/revisions"}],"predecessor-version":[{"id":28611,"href":"https:\/\/www.dvo45.fr\/index.php\/wp-json\/wp\/v2\/pages\/26364\/revisions\/28611"}],"up":[{"embeddable":true,"href":"https:\/\/www.dvo45.fr\/index.php\/wp-json\/wp\/v2\/pages\/23006"}],"wp:attachment":[{"href":"https:\/\/www.dvo45.fr\/index.php\/wp-json\/wp\/v2\/media?parent=26364"}],"curies":[{"name":"wp","href":"https:\/\/api.w.org\/{rel}","templated":true}]}}