{"id":27073,"date":"2022-10-13T07:18:15","date_gmt":"2022-10-13T07:18:15","guid":{"rendered":"https:\/\/www.dvo45.fr\/?page_id=27073"},"modified":"2024-11-25T13:36:19","modified_gmt":"2024-11-25T13:36:19","slug":"confessions-reconciliation","status":"publish","type":"page","link":"https:\/\/www.dvo45.fr\/index.php\/etapes-de-la-vie\/confessions-reconciliation\/","title":{"rendered":"Confessions &#8211; R\u00e9conciliation"},"content":{"rendered":"\n<p>Le sacrement de r\u00e9conciliation est le signe de l\u2019amour infini de Dieu. Le pardon de Dieu est toujours possible, si nous faisons une d\u00e9marche vraiment sinc\u00e8re. En se reconnaissant p\u00e9cheur, nous croyons que l\u2019amour infini de Dieu est toujours le plus fort. Le dialogue avec un&nbsp;<a href=\"https:\/\/eglise.catholique.fr\/glossaire\/pretre\">pr\u00eatre<\/a>&nbsp;est le signe efficace de la&nbsp;<a href=\"https:\/\/eglise.catholique.fr\/glossaire\/reconciliation\">r\u00e9conciliation<\/a>&nbsp;avec Dieu et avec nos fr\u00e8res.<\/p>\n\n\n\n<figure class=\"wp-block-image size-full\"><img loading=\"lazy\" decoding=\"async\" width=\"460\" height=\"345\" src=\"https:\/\/www.dvo45.fr\/wp-content\/uploads\/2022\/10\/v4-460px-Make-a-Good-Confession-in-the-Catholic-Church-Step-9.jpg\" alt=\"\" class=\"wp-image-27074\" srcset=\"https:\/\/www.dvo45.fr\/wp-content\/uploads\/2022\/10\/v4-460px-Make-a-Good-Confession-in-the-Catholic-Church-Step-9.jpg 460w, https:\/\/www.dvo45.fr\/wp-content\/uploads\/2022\/10\/v4-460px-Make-a-Good-Confession-in-the-Catholic-Church-Step-9-300x225.jpg 300w\" sizes=\"auto, (max-width: 460px) 100vw, 460px\" \/><\/figure>\n\n\n\n<p>Un pr\u00eatre est \u00e0 votre disposition deux samedis matin par mois de 10h \u00e0 12h \u00e0 la chapelle Saint Dominique \u00e0 Beaugency.<\/p>\n\n\n\n<p>D&rsquo;autres possibilit\u00e9s vous sont offertes, soit sur Orl\u00e9ans, soit en prenant contact directement avec un pr\u00eatre qui pourra vous proposer un cr\u00e9neau adapt\u00e9 \u00e0 votre besoin.<\/p>\n","protected":false},"excerpt":{"rendered":"<p>Le sacrement de r\u00e9conciliation est le signe de l\u2019amour infini de Dieu. Le pardon de Dieu est toujours possible, si nous faisons une d\u00e9marche vraiment sinc\u00e8re. En se reconnaissant p\u00e9cheur, nous croyons que l\u2019amour infini de Dieu est toujours le<\/p>\n","protected":false},"author":4,"featured_media":0,"parent":55,"menu_order":3,"comment_status":"closed","ping_status":"closed","template":"","meta":{"footnotes":""},"class_list":["post-27073","page","type-page","status-publish","hentry"],"yoast_head":"<!-- This site is optimized with the Yoast SEO plugin v27.3 - https:\/\/yoast.com\/product\/yoast-seo-wordpress\/ -->\n<title>Confessions - R\u00e9conciliation -<\/title>\n<meta name=\"description\" content=\"groupement paroissial de Beaugency - Meung sur Loire\" \/>\n<meta name=\"robots\" content=\"index, follow, max-snippet:-1, max-image-preview:large, max-video-preview:-1\" \/>\n<link rel=\"canonical\" href=\"https:\/\/www.dvo45.fr\/index.php\/etapes-de-la-vie\/confessions-reconciliation\/\" \/>\n<meta property=\"og:locale\" content=\"fr_FR\" \/>\n<meta property=\"og:type\" content=\"article\" \/>\n<meta property=\"og:title\" content=\"Confessions - R\u00e9conciliation -\" \/>\n<meta property=\"og:description\" content=\"groupement paroissial de Beaugency - Meung sur Loire\" \/>\n<meta property=\"og:url\" content=\"https:\/\/www.dvo45.fr\/index.php\/etapes-de-la-vie\/confessions-reconciliation\/\" \/>\n<meta property=\"article:publisher\" content=\"https:\/\/www.facebook.com\/Le-groupe-paroissial-de-Beaugency-Meung-sur-loire-135382090421585\" \/>\n<meta property=\"article:modified_time\" content=\"2024-11-25T13:36:19+00:00\" \/>\n<meta property=\"og:image\" content=\"https:\/\/www.dvo45.fr\/wp-content\/uploads\/2022\/10\/v4-460px-Make-a-Good-Confession-in-the-Catholic-Church-Step-9.jpg\" \/>\n\t<meta property=\"og:image:width\" content=\"460\" \/>\n\t<meta property=\"og:image:height\" content=\"345\" \/>\n\t<meta property=\"og:image:type\" content=\"image\/jpeg\" \/>\n<meta name=\"twitter:card\" content=\"summary_large_image\" \/>\n<meta name=\"twitter:label1\" content=\"Dur\u00e9e de lecture estim\u00e9e\" \/>\n\t<meta name=\"twitter:data1\" content=\"1 minute\" \/>\n<script type=\"application\/ld+json\" class=\"yoast-schema-graph\">{\"@context\":\"https:\\\/\\\/schema.org\",\"@graph\":[{\"@type\":\"WebPage\",\"@id\":\"https:\\\/\\\/www.dvo45.fr\\\/index.php\\\/etapes-de-la-vie\\\/confessions-reconciliation\\\/\",\"url\":\"https:\\\/\\\/www.dvo45.fr\\\/index.php\\\/etapes-de-la-vie\\\/confessions-reconciliation\\\/\",\"name\":\"Confessions - R\u00e9conciliation -\",\"isPartOf\":{\"@id\":\"https:\\\/\\\/www.dvo45.fr\\\/#website\"},\"primaryImageOfPage\":{\"@id\":\"https:\\\/\\\/www.dvo45.fr\\\/index.php\\\/etapes-de-la-vie\\\/confessions-reconciliation\\\/#primaryimage\"},\"image\":{\"@id\":\"https:\\\/\\\/www.dvo45.fr\\\/index.php\\\/etapes-de-la-vie\\\/confessions-reconciliation\\\/#primaryimage\"},\"thumbnailUrl\":\"https:\\\/\\\/www.dvo45.fr\\\/wp-content\\\/uploads\\\/2022\\\/10\\\/v4-460px-Make-a-Good-Confession-in-the-Catholic-Church-Step-9.jpg\",\"datePublished\":\"2022-10-13T07:18:15+00:00\",\"dateModified\":\"2024-11-25T13:36:19+00:00\",\"description\":\"groupement paroissial de Beaugency - Meung sur Loire\",\"breadcrumb\":{\"@id\":\"https:\\\/\\\/www.dvo45.fr\\\/index.php\\\/etapes-de-la-vie\\\/confessions-reconciliation\\\/#breadcrumb\"},\"inLanguage\":\"fr-FR\",\"potentialAction\":[{\"@type\":\"ReadAction\",\"target\":[\"https:\\\/\\\/www.dvo45.fr\\\/index.php\\\/etapes-de-la-vie\\\/confessions-reconciliation\\\/\"]}]},{\"@type\":\"ImageObject\",\"inLanguage\":\"fr-FR\",\"@id\":\"https:\\\/\\\/www.dvo45.fr\\\/index.php\\\/etapes-de-la-vie\\\/confessions-reconciliation\\\/#primaryimage\",\"url\":\"https:\\\/\\\/www.dvo45.fr\\\/wp-content\\\/uploads\\\/2022\\\/10\\\/v4-460px-Make-a-Good-Confession-in-the-Catholic-Church-Step-9.jpg\",\"contentUrl\":\"https:\\\/\\\/www.dvo45.fr\\\/wp-content\\\/uploads\\\/2022\\\/10\\\/v4-460px-Make-a-Good-Confession-in-the-Catholic-Church-Step-9.jpg\",\"width\":460,\"height\":345},{\"@type\":\"BreadcrumbList\",\"@id\":\"https:\\\/\\\/www.dvo45.fr\\\/index.php\\\/etapes-de-la-vie\\\/confessions-reconciliation\\\/#breadcrumb\",\"itemListElement\":[{\"@type\":\"ListItem\",\"position\":1,\"name\":\"Accueil\",\"item\":\"https:\\\/\\\/www.dvo45.fr\\\/\"},{\"@type\":\"ListItem\",\"position\":2,\"name\":\"ETAPES DE LA VIE\",\"item\":\"https:\\\/\\\/www.dvo45.fr\\\/index.php\\\/etapes-de-la-vie\\\/\"},{\"@type\":\"ListItem\",\"position\":3,\"name\":\"Confessions &#8211; R\u00e9conciliation\"}]},{\"@type\":\"WebSite\",\"@id\":\"https:\\\/\\\/www.dvo45.fr\\\/#website\",\"url\":\"https:\\\/\\\/www.dvo45.fr\\\/\",\"name\":\"\",\"description\":\"Contactez nous au : 02-38-45-28-93\",\"publisher\":{\"@id\":\"https:\\\/\\\/www.dvo45.fr\\\/#organization\"},\"potentialAction\":[{\"@type\":\"SearchAction\",\"target\":{\"@type\":\"EntryPoint\",\"urlTemplate\":\"https:\\\/\\\/www.dvo45.fr\\\/?s={search_term_string}\"},\"query-input\":{\"@type\":\"PropertyValueSpecification\",\"valueRequired\":true,\"valueName\":\"search_term_string\"}}],\"inLanguage\":\"fr-FR\"},{\"@type\":\"Organization\",\"@id\":\"https:\\\/\\\/www.dvo45.fr\\\/#organization\",\"name\":\"Groupement Paroissial de Beaugency-Meung\\\/Loire\",\"url\":\"https:\\\/\\\/www.dvo45.fr\\\/\",\"logo\":{\"@type\":\"ImageObject\",\"inLanguage\":\"fr-FR\",\"@id\":\"https:\\\/\\\/www.dvo45.fr\\\/#\\\/schema\\\/logo\\\/image\\\/\",\"url\":\"https:\\\/\\\/www.dvo45.fr\\\/wp-content\\\/uploads\\\/2020\\\/11\\\/GROUPEMENT-PAROISSIAL-logo360x360.jpg\",\"contentUrl\":\"https:\\\/\\\/www.dvo45.fr\\\/wp-content\\\/uploads\\\/2020\\\/11\\\/GROUPEMENT-PAROISSIAL-logo360x360.jpg\",\"width\":360,\"height\":360,\"caption\":\"Groupement Paroissial de Beaugency-Meung\\\/Loire\"},\"image\":{\"@id\":\"https:\\\/\\\/www.dvo45.fr\\\/#\\\/schema\\\/logo\\\/image\\\/\"},\"sameAs\":[\"https:\\\/\\\/www.facebook.com\\\/Le-groupe-paroissial-de-Beaugency-Meung-sur-loire-135382090421585\",\"https:\\\/\\\/www.youtube.com\\\/channel\\\/UCQuQV3-lctEa6-fnRMjXZeQ\"]}]}<\/script>\n<!-- \/ Yoast SEO plugin. -->","yoast_head_json":{"title":"Confessions - R\u00e9conciliation -","description":"groupement paroissial de Beaugency - Meung sur Loire","robots":{"index":"index","follow":"follow","max-snippet":"max-snippet:-1","max-image-preview":"max-image-preview:large","max-video-preview":"max-video-preview:-1"},"canonical":"https:\/\/www.dvo45.fr\/index.php\/etapes-de-la-vie\/confessions-reconciliation\/","og_locale":"fr_FR","og_type":"article","og_title":"Confessions - R\u00e9conciliation -","og_description":"groupement paroissial de Beaugency - Meung sur Loire","og_url":"https:\/\/www.dvo45.fr\/index.php\/etapes-de-la-vie\/confessions-reconciliation\/","article_publisher":"https:\/\/www.facebook.com\/Le-groupe-paroissial-de-Beaugency-Meung-sur-loire-135382090421585","article_modified_time":"2024-11-25T13:36:19+00:00","og_image":[{"width":460,"height":345,"url":"https:\/\/www.dvo45.fr\/wp-content\/uploads\/2022\/10\/v4-460px-Make-a-Good-Confession-in-the-Catholic-Church-Step-9.jpg","type":"image\/jpeg"}],"twitter_card":"summary_large_image","twitter_misc":{"Dur\u00e9e de lecture estim\u00e9e":"1 minute"},"schema":{"@context":"https:\/\/schema.org","@graph":[{"@type":"WebPage","@id":"https:\/\/www.dvo45.fr\/index.php\/etapes-de-la-vie\/confessions-reconciliation\/","url":"https:\/\/www.dvo45.fr\/index.php\/etapes-de-la-vie\/confessions-reconciliation\/","name":"Confessions - R\u00e9conciliation -","isPartOf":{"@id":"https:\/\/www.dvo45.fr\/#website"},"primaryImageOfPage":{"@id":"https:\/\/www.dvo45.fr\/index.php\/etapes-de-la-vie\/confessions-reconciliation\/#primaryimage"},"image":{"@id":"https:\/\/www.dvo45.fr\/index.php\/etapes-de-la-vie\/confessions-reconciliation\/#primaryimage"},"thumbnailUrl":"https:\/\/www.dvo45.fr\/wp-content\/uploads\/2022\/10\/v4-460px-Make-a-Good-Confession-in-the-Catholic-Church-Step-9.jpg","datePublished":"2022-10-13T07:18:15+00:00","dateModified":"2024-11-25T13:36:19+00:00","description":"groupement paroissial de Beaugency - Meung sur Loire","breadcrumb":{"@id":"https:\/\/www.dvo45.fr\/index.php\/etapes-de-la-vie\/confessions-reconciliation\/#breadcrumb"},"inLanguage":"fr-FR","potentialAction":[{"@type":"ReadAction","target":["https:\/\/www.dvo45.fr\/index.php\/etapes-de-la-vie\/confessions-reconciliation\/"]}]},{"@type":"ImageObject","inLanguage":"fr-FR","@id":"https:\/\/www.dvo45.fr\/index.php\/etapes-de-la-vie\/confessions-reconciliation\/#primaryimage","url":"https:\/\/www.dvo45.fr\/wp-content\/uploads\/2022\/10\/v4-460px-Make-a-Good-Confession-in-the-Catholic-Church-Step-9.jpg","contentUrl":"https:\/\/www.dvo45.fr\/wp-content\/uploads\/2022\/10\/v4-460px-Make-a-Good-Confession-in-the-Catholic-Church-Step-9.jpg","width":460,"height":345},{"@type":"BreadcrumbList","@id":"https:\/\/www.dvo45.fr\/index.php\/etapes-de-la-vie\/confessions-reconciliation\/#breadcrumb","itemListElement":[{"@type":"ListItem","position":1,"name":"Accueil","item":"https:\/\/www.dvo45.fr\/"},{"@type":"ListItem","position":2,"name":"ETAPES DE LA VIE","item":"https:\/\/www.dvo45.fr\/index.php\/etapes-de-la-vie\/"},{"@type":"ListItem","position":3,"name":"Confessions &#8211; R\u00e9conciliation"}]},{"@type":"WebSite","@id":"https:\/\/www.dvo45.fr\/#website","url":"https:\/\/www.dvo45.fr\/","name":"","description":"Contactez nous au : 02-38-45-28-93","publisher":{"@id":"https:\/\/www.dvo45.fr\/#organization"},"potentialAction":[{"@type":"SearchAction","target":{"@type":"EntryPoint","urlTemplate":"https:\/\/www.dvo45.fr\/?s={search_term_string}"},"query-input":{"@type":"PropertyValueSpecification","valueRequired":true,"valueName":"search_term_string"}}],"inLanguage":"fr-FR"},{"@type":"Organization","@id":"https:\/\/www.dvo45.fr\/#organization","name":"Groupement Paroissial de Beaugency-Meung\/Loire","url":"https:\/\/www.dvo45.fr\/","logo":{"@type":"ImageObject","inLanguage":"fr-FR","@id":"https:\/\/www.dvo45.fr\/#\/schema\/logo\/image\/","url":"https:\/\/www.dvo45.fr\/wp-content\/uploads\/2020\/11\/GROUPEMENT-PAROISSIAL-logo360x360.jpg","contentUrl":"https:\/\/www.dvo45.fr\/wp-content\/uploads\/2020\/11\/GROUPEMENT-PAROISSIAL-logo360x360.jpg","width":360,"height":360,"caption":"Groupement Paroissial de Beaugency-Meung\/Loire"},"image":{"@id":"https:\/\/www.dvo45.fr\/#\/schema\/logo\/image\/"},"sameAs":["https:\/\/www.facebook.com\/Le-groupe-paroissial-de-Beaugency-Meung-sur-loire-135382090421585","https:\/\/www.youtube.com\/channel\/UCQuQV3-lctEa6-fnRMjXZeQ"]}]}},"_links":{"self":[{"href":"https:\/\/www.dvo45.fr\/index.php\/wp-json\/wp\/v2\/pages\/27073","targetHints":{"allow":["GET"]}}],"collection":[{"href":"https:\/\/www.dvo45.fr\/index.php\/wp-json\/wp\/v2\/pages"}],"about":[{"href":"https:\/\/www.dvo45.fr\/index.php\/wp-json\/wp\/v2\/types\/page"}],"author":[{"embeddable":true,"href":"https:\/\/www.dvo45.fr\/index.php\/wp-json\/wp\/v2\/users\/4"}],"replies":[{"embeddable":true,"href":"https:\/\/www.dvo45.fr\/index.php\/wp-json\/wp\/v2\/comments?post=27073"}],"version-history":[{"count":2,"href":"https:\/\/www.dvo45.fr\/index.php\/wp-json\/wp\/v2\/pages\/27073\/revisions"}],"predecessor-version":[{"id":28260,"href":"https:\/\/www.dvo45.fr\/index.php\/wp-json\/wp\/v2\/pages\/27073\/revisions\/28260"}],"up":[{"embeddable":true,"href":"https:\/\/www.dvo45.fr\/index.php\/wp-json\/wp\/v2\/pages\/55"}],"wp:attachment":[{"href":"https:\/\/www.dvo45.fr\/index.php\/wp-json\/wp\/v2\/media?parent=27073"}],"curies":[{"name":"wp","href":"https:\/\/api.w.org\/{rel}","templated":true}]}}