{"id":28734,"date":"2026-02-24T14:26:48","date_gmt":"2026-02-24T14:26:48","guid":{"rendered":"https:\/\/www.dvo45.fr\/?page_id=28734"},"modified":"2026-04-15T16:49:09","modified_gmt":"2026-04-15T16:49:09","slug":"evenement-tibhirine-1996-2026","status":"publish","type":"page","link":"https:\/\/www.dvo45.fr\/index.php\/evenement-tibhirine-1996-2026\/","title":{"rendered":"Ev\u00e8nement Tibhirine 1996-2026"},"content":{"rendered":"\n<h2 class=\"wp-block-heading\"><strong><em>Tibhirine<\/em><\/strong><\/h2>\n\n\n\n<p><strong><em>1996-2026<\/em><\/strong><\/p>\n\n\n\n<p><strong><em>Une m\u00e9moire qui tisse des liens de Paix. Ribat es Salam<\/em><\/strong><\/p>\n\n\n\n<p><\/p>\n\n\n\n<p>Du<strong> 4 au 6 Juin 2026 \u00e0 Beaugency<\/strong>, \u00e0 la <strong>Maison de la Parole des Ursulines<\/strong>, se tiendra l&rsquo;\u00e9v\u00e8nement \u00ab\u00a0Tibhrine, 1996-2026, une m\u00e9moire qui tisse des liens de paix\u00a0\u00bb. Ces trois jours verront l&rsquo;organisaton de <em>Projection de films, exposition, table ronde, conf\u00e9rence, halte spirituelle, po\u00e8mes chr\u00e9tiens et soufis.<\/em><\/p>\n\n\n\n<p>Toute l&rsquo;actualit\u00e9 de cet \u00e9v\u00e9nement est \u00e0 suivre sur le <a href=\"https:\/\/www.facebook.com\/share\/p\/1CZQgWkpGY\/?mibextid=wwXIfr\">lien facebook<\/a> cr\u00e9\u00e9 sp\u00e9cifiquement pour l&rsquo;occasion.<\/p>\n\n\n\n<div class=\"wp-block-file\"><a id=\"wp-block-file--media-930d0793-1b18-4443-8938-b99b68e60be8\" href=\"https:\/\/www.dvo45.fr\/wp-content\/uploads\/2026\/03\/Tibhirine-Dossier-de-presse-27-mars.docx\">Tibhirine Dossier de presse 27 mars<\/a><a href=\"https:\/\/www.dvo45.fr\/wp-content\/uploads\/2026\/03\/Tibhirine-Dossier-de-presse-27-mars.docx\" class=\"wp-block-file__button wp-element-button\" download aria-describedby=\"wp-block-file--media-930d0793-1b18-4443-8938-b99b68e60be8\">T\u00e9l\u00e9charger<\/a><\/div>\n\n\n\n<figure class=\"wp-block-image size-large\"><img loading=\"lazy\" decoding=\"async\" width=\"724\" height=\"1024\" src=\"https:\/\/www.dvo45.fr\/wp-content\/uploads\/2026\/03\/presentation-poster-Tibhirine-V3-724x1024.jpg\" alt=\"\" class=\"wp-image-28798\" srcset=\"https:\/\/www.dvo45.fr\/wp-content\/uploads\/2026\/03\/presentation-poster-Tibhirine-V3-724x1024.jpg 724w, https:\/\/www.dvo45.fr\/wp-content\/uploads\/2026\/03\/presentation-poster-Tibhirine-V3-212x300.jpg 212w, https:\/\/www.dvo45.fr\/wp-content\/uploads\/2026\/03\/presentation-poster-Tibhirine-V3-768x1086.jpg 768w, https:\/\/www.dvo45.fr\/wp-content\/uploads\/2026\/03\/presentation-poster-Tibhirine-V3-1086x1536.jpg 1086w, https:\/\/www.dvo45.fr\/wp-content\/uploads\/2026\/03\/presentation-poster-Tibhirine-V3-1448x2048.jpg 1448w, https:\/\/www.dvo45.fr\/wp-content\/uploads\/2026\/03\/presentation-poster-Tibhirine-V3.jpg 1587w\" sizes=\"auto, (max-width: 724px) 100vw, 724px\" \/><\/figure>\n\n\n\n<figure class=\"wp-block-image size-large\"><img loading=\"lazy\" decoding=\"async\" width=\"724\" height=\"1024\" src=\"https:\/\/www.dvo45.fr\/wp-content\/uploads\/2026\/03\/programme-au-25-mars-V3-724x1024.jpg\" alt=\"\" class=\"wp-image-28799\" srcset=\"https:\/\/www.dvo45.fr\/wp-content\/uploads\/2026\/03\/programme-au-25-mars-V3-724x1024.jpg 724w, https:\/\/www.dvo45.fr\/wp-content\/uploads\/2026\/03\/programme-au-25-mars-V3-212x300.jpg 212w, https:\/\/www.dvo45.fr\/wp-content\/uploads\/2026\/03\/programme-au-25-mars-V3-768x1086.jpg 768w, https:\/\/www.dvo45.fr\/wp-content\/uploads\/2026\/03\/programme-au-25-mars-V3-1086x1536.jpg 1086w, https:\/\/www.dvo45.fr\/wp-content\/uploads\/2026\/03\/programme-au-25-mars-V3-1448x2048.jpg 1448w, https:\/\/www.dvo45.fr\/wp-content\/uploads\/2026\/03\/programme-au-25-mars-V3.jpg 1587w\" sizes=\"auto, (max-width: 724px) 100vw, 724px\" \/><\/figure>\n\n\n\n<p>5 mars 2026<\/p>\n\n\n\n<h2 class=\"wp-block-heading\">Tibhrine, 1996-2026, une m\u00e9moire qui tisse des liens de paix (1\/2)<\/h2>\n\n\n\n<p>A l&rsquo;occasion de l&rsquo;engagement de la Maison de la Parole de Beaugency, Soeur Marie-Simone intervient sur RCF <\/p>\n\n\n\n<p>5 podcasts sont programm\u00e9s d&rsquo;ici fin mai pour nous aider \u00e0 mieux comprendre ce moment tragique de l&rsquo;histoire d&rsquo;Alg\u00e9rie.<\/p>\n\n\n\n<h4 class=\"wp-block-heading\">Podcast n\u00b03<\/h4>\n\n\n\n<p>\u00ab\u00a0<em>Les moines de Tibhirine, des priants parmi les priants<\/em>\u00a0\u00bb : \u00e0 la rencontre de Sylvain Knittel, d\u00e9l\u00e9gu\u00e9 au Dialogue\u00a0Inter Religieux dans le dioc\u00e8se d&rsquo;Orl\u00e9ans, membre du comit\u00e9 de pilotage de l&rsquo;\u00e9v\u00e9nement Tibhirine \u00e0 Beaugency\u00a0<\/p>\n\n\n\n<p><a href=\"https:\/\/www.rcf.fr\/actualite\/emission-speciale-4?episode=663445\">Tibhrine, 1996-2026, une m\u00e9moire qui tisse des liens de paix (1\/2) | Emission sp\u00e9ciale | RCF Loiret<\/a><\/p>\n\n\n\n<p><\/p>\n\n\n\n<p>Podcast n\u00b02<\/p>\n\n\n\n<p><a href=\"https:\/\/www.rcf.fr\/actualite\/linvite-de-la-redaction-6?episode=660659\">https:\/\/www.rcf.fr\/actualite\/linvite-de-la-redaction-6?episode=660659<\/a><\/p>\n\n\n\n<p>Podcast n\u00b01<\/p>\n\n\n\n<p>Pour acc\u00e9der aux contr\u00f4les du player, appuyer sur Alt + p une fois le player ouvert<\/p>\n\n\n\n<figure class=\"wp-block-image\"><a href=\"https:\/\/www.rcf.fr\/actualite\/emission-speciale-4?episode=663445\"><img decoding=\"async\" src=\"https:\/\/assets.radiorcf.com\/styles\/128x128\/assets\/2024-01\/Emission%20sp%C3%A9ciale%20Loiret.png.webp\" alt=\"@RCFLOIRET\"\/><\/a><\/figure>\n\n\n\n<p><\/p>\n\n\n\n<p><\/p>\n","protected":false},"excerpt":{"rendered":"<p>Tibhirine 1996-2026 Une m\u00e9moire qui tisse des liens de Paix. Ribat es Salam Du 4 au 6 Juin 2026 \u00e0 Beaugency, \u00e0 la Maison de la Parole des Ursulines, se tiendra l&rsquo;\u00e9v\u00e8nement \u00ab\u00a0Tibhrine, 1996-2026, une m\u00e9moire qui tisse des liens<\/p>\n","protected":false},"author":4,"featured_media":0,"parent":0,"menu_order":0,"comment_status":"closed","ping_status":"closed","template":"","meta":{"footnotes":""},"class_list":["post-28734","page","type-page","status-publish","hentry"],"yoast_head":"<!-- This site is optimized with the Yoast SEO plugin v27.3 - https:\/\/yoast.com\/product\/yoast-seo-wordpress\/ -->\n<title>Ev\u00e8nement Tibhirine 1996-2026 -<\/title>\n<meta name=\"description\" content=\"groupement paroissial de Beaugency - Meung sur Loire\" \/>\n<meta name=\"robots\" content=\"index, follow, max-snippet:-1, max-image-preview:large, max-video-preview:-1\" \/>\n<link rel=\"canonical\" href=\"https:\/\/www.dvo45.fr\/index.php\/evenement-tibhirine-1996-2026\/\" \/>\n<meta property=\"og:locale\" content=\"fr_FR\" \/>\n<meta property=\"og:type\" content=\"article\" \/>\n<meta property=\"og:title\" content=\"Ev\u00e8nement Tibhirine 1996-2026 -\" \/>\n<meta property=\"og:description\" content=\"groupement paroissial de Beaugency - Meung sur Loire\" \/>\n<meta property=\"og:url\" content=\"https:\/\/www.dvo45.fr\/index.php\/evenement-tibhirine-1996-2026\/\" \/>\n<meta property=\"article:publisher\" content=\"https:\/\/www.facebook.com\/Le-groupe-paroissial-de-Beaugency-Meung-sur-loire-135382090421585\" \/>\n<meta property=\"article:modified_time\" content=\"2026-04-15T16:49:09+00:00\" \/>\n<meta property=\"og:image\" content=\"https:\/\/www.dvo45.fr\/wp-content\/uploads\/2026\/03\/presentation-poster-Tibhirine-V3.jpg\" \/>\n\t<meta property=\"og:image:width\" content=\"1587\" \/>\n\t<meta property=\"og:image:height\" content=\"2245\" \/>\n\t<meta property=\"og:image:type\" content=\"image\/jpeg\" \/>\n<meta name=\"twitter:card\" content=\"summary_large_image\" \/>\n<meta name=\"twitter:label1\" content=\"Dur\u00e9e de lecture estim\u00e9e\" \/>\n\t<meta name=\"twitter:data1\" content=\"2 minutes\" \/>\n<script type=\"application\/ld+json\" class=\"yoast-schema-graph\">{\"@context\":\"https:\\\/\\\/schema.org\",\"@graph\":[{\"@type\":\"WebPage\",\"@id\":\"https:\\\/\\\/www.dvo45.fr\\\/index.php\\\/evenement-tibhirine-1996-2026\\\/\",\"url\":\"https:\\\/\\\/www.dvo45.fr\\\/index.php\\\/evenement-tibhirine-1996-2026\\\/\",\"name\":\"Ev\u00e8nement Tibhirine 1996-2026 -\",\"isPartOf\":{\"@id\":\"https:\\\/\\\/www.dvo45.fr\\\/#website\"},\"primaryImageOfPage\":{\"@id\":\"https:\\\/\\\/www.dvo45.fr\\\/index.php\\\/evenement-tibhirine-1996-2026\\\/#primaryimage\"},\"image\":{\"@id\":\"https:\\\/\\\/www.dvo45.fr\\\/index.php\\\/evenement-tibhirine-1996-2026\\\/#primaryimage\"},\"thumbnailUrl\":\"https:\\\/\\\/www.dvo45.fr\\\/wp-content\\\/uploads\\\/2026\\\/03\\\/presentation-poster-Tibhirine-V3-724x1024.jpg\",\"datePublished\":\"2026-02-24T14:26:48+00:00\",\"dateModified\":\"2026-04-15T16:49:09+00:00\",\"description\":\"groupement paroissial de Beaugency - Meung sur Loire\",\"breadcrumb\":{\"@id\":\"https:\\\/\\\/www.dvo45.fr\\\/index.php\\\/evenement-tibhirine-1996-2026\\\/#breadcrumb\"},\"inLanguage\":\"fr-FR\",\"potentialAction\":[{\"@type\":\"ReadAction\",\"target\":[\"https:\\\/\\\/www.dvo45.fr\\\/index.php\\\/evenement-tibhirine-1996-2026\\\/\"]}]},{\"@type\":\"ImageObject\",\"inLanguage\":\"fr-FR\",\"@id\":\"https:\\\/\\\/www.dvo45.fr\\\/index.php\\\/evenement-tibhirine-1996-2026\\\/#primaryimage\",\"url\":\"https:\\\/\\\/www.dvo45.fr\\\/wp-content\\\/uploads\\\/2026\\\/03\\\/presentation-poster-Tibhirine-V3.jpg\",\"contentUrl\":\"https:\\\/\\\/www.dvo45.fr\\\/wp-content\\\/uploads\\\/2026\\\/03\\\/presentation-poster-Tibhirine-V3.jpg\",\"width\":1587,\"height\":2245},{\"@type\":\"BreadcrumbList\",\"@id\":\"https:\\\/\\\/www.dvo45.fr\\\/index.php\\\/evenement-tibhirine-1996-2026\\\/#breadcrumb\",\"itemListElement\":[{\"@type\":\"ListItem\",\"position\":1,\"name\":\"Accueil\",\"item\":\"https:\\\/\\\/www.dvo45.fr\\\/\"},{\"@type\":\"ListItem\",\"position\":2,\"name\":\"Ev\u00e8nement Tibhirine 1996-2026\"}]},{\"@type\":\"WebSite\",\"@id\":\"https:\\\/\\\/www.dvo45.fr\\\/#website\",\"url\":\"https:\\\/\\\/www.dvo45.fr\\\/\",\"name\":\"\",\"description\":\"Contactez nous au : 02-38-45-28-93\",\"publisher\":{\"@id\":\"https:\\\/\\\/www.dvo45.fr\\\/#organization\"},\"potentialAction\":[{\"@type\":\"SearchAction\",\"target\":{\"@type\":\"EntryPoint\",\"urlTemplate\":\"https:\\\/\\\/www.dvo45.fr\\\/?s={search_term_string}\"},\"query-input\":{\"@type\":\"PropertyValueSpecification\",\"valueRequired\":true,\"valueName\":\"search_term_string\"}}],\"inLanguage\":\"fr-FR\"},{\"@type\":\"Organization\",\"@id\":\"https:\\\/\\\/www.dvo45.fr\\\/#organization\",\"name\":\"Groupement Paroissial de Beaugency-Meung\\\/Loire\",\"url\":\"https:\\\/\\\/www.dvo45.fr\\\/\",\"logo\":{\"@type\":\"ImageObject\",\"inLanguage\":\"fr-FR\",\"@id\":\"https:\\\/\\\/www.dvo45.fr\\\/#\\\/schema\\\/logo\\\/image\\\/\",\"url\":\"https:\\\/\\\/www.dvo45.fr\\\/wp-content\\\/uploads\\\/2020\\\/11\\\/GROUPEMENT-PAROISSIAL-logo360x360.jpg\",\"contentUrl\":\"https:\\\/\\\/www.dvo45.fr\\\/wp-content\\\/uploads\\\/2020\\\/11\\\/GROUPEMENT-PAROISSIAL-logo360x360.jpg\",\"width\":360,\"height\":360,\"caption\":\"Groupement Paroissial de Beaugency-Meung\\\/Loire\"},\"image\":{\"@id\":\"https:\\\/\\\/www.dvo45.fr\\\/#\\\/schema\\\/logo\\\/image\\\/\"},\"sameAs\":[\"https:\\\/\\\/www.facebook.com\\\/Le-groupe-paroissial-de-Beaugency-Meung-sur-loire-135382090421585\",\"https:\\\/\\\/www.youtube.com\\\/channel\\\/UCQuQV3-lctEa6-fnRMjXZeQ\"]}]}<\/script>\n<!-- \/ Yoast SEO plugin. -->","yoast_head_json":{"title":"Ev\u00e8nement Tibhirine 1996-2026 -","description":"groupement paroissial de Beaugency - Meung sur Loire","robots":{"index":"index","follow":"follow","max-snippet":"max-snippet:-1","max-image-preview":"max-image-preview:large","max-video-preview":"max-video-preview:-1"},"canonical":"https:\/\/www.dvo45.fr\/index.php\/evenement-tibhirine-1996-2026\/","og_locale":"fr_FR","og_type":"article","og_title":"Ev\u00e8nement Tibhirine 1996-2026 -","og_description":"groupement paroissial de Beaugency - Meung sur Loire","og_url":"https:\/\/www.dvo45.fr\/index.php\/evenement-tibhirine-1996-2026\/","article_publisher":"https:\/\/www.facebook.com\/Le-groupe-paroissial-de-Beaugency-Meung-sur-loire-135382090421585","article_modified_time":"2026-04-15T16:49:09+00:00","og_image":[{"width":1587,"height":2245,"url":"https:\/\/www.dvo45.fr\/wp-content\/uploads\/2026\/03\/presentation-poster-Tibhirine-V3.jpg","type":"image\/jpeg"}],"twitter_card":"summary_large_image","twitter_misc":{"Dur\u00e9e de lecture estim\u00e9e":"2 minutes"},"schema":{"@context":"https:\/\/schema.org","@graph":[{"@type":"WebPage","@id":"https:\/\/www.dvo45.fr\/index.php\/evenement-tibhirine-1996-2026\/","url":"https:\/\/www.dvo45.fr\/index.php\/evenement-tibhirine-1996-2026\/","name":"Ev\u00e8nement Tibhirine 1996-2026 -","isPartOf":{"@id":"https:\/\/www.dvo45.fr\/#website"},"primaryImageOfPage":{"@id":"https:\/\/www.dvo45.fr\/index.php\/evenement-tibhirine-1996-2026\/#primaryimage"},"image":{"@id":"https:\/\/www.dvo45.fr\/index.php\/evenement-tibhirine-1996-2026\/#primaryimage"},"thumbnailUrl":"https:\/\/www.dvo45.fr\/wp-content\/uploads\/2026\/03\/presentation-poster-Tibhirine-V3-724x1024.jpg","datePublished":"2026-02-24T14:26:48+00:00","dateModified":"2026-04-15T16:49:09+00:00","description":"groupement paroissial de Beaugency - Meung sur Loire","breadcrumb":{"@id":"https:\/\/www.dvo45.fr\/index.php\/evenement-tibhirine-1996-2026\/#breadcrumb"},"inLanguage":"fr-FR","potentialAction":[{"@type":"ReadAction","target":["https:\/\/www.dvo45.fr\/index.php\/evenement-tibhirine-1996-2026\/"]}]},{"@type":"ImageObject","inLanguage":"fr-FR","@id":"https:\/\/www.dvo45.fr\/index.php\/evenement-tibhirine-1996-2026\/#primaryimage","url":"https:\/\/www.dvo45.fr\/wp-content\/uploads\/2026\/03\/presentation-poster-Tibhirine-V3.jpg","contentUrl":"https:\/\/www.dvo45.fr\/wp-content\/uploads\/2026\/03\/presentation-poster-Tibhirine-V3.jpg","width":1587,"height":2245},{"@type":"BreadcrumbList","@id":"https:\/\/www.dvo45.fr\/index.php\/evenement-tibhirine-1996-2026\/#breadcrumb","itemListElement":[{"@type":"ListItem","position":1,"name":"Accueil","item":"https:\/\/www.dvo45.fr\/"},{"@type":"ListItem","position":2,"name":"Ev\u00e8nement Tibhirine 1996-2026"}]},{"@type":"WebSite","@id":"https:\/\/www.dvo45.fr\/#website","url":"https:\/\/www.dvo45.fr\/","name":"","description":"Contactez nous au : 02-38-45-28-93","publisher":{"@id":"https:\/\/www.dvo45.fr\/#organization"},"potentialAction":[{"@type":"SearchAction","target":{"@type":"EntryPoint","urlTemplate":"https:\/\/www.dvo45.fr\/?s={search_term_string}"},"query-input":{"@type":"PropertyValueSpecification","valueRequired":true,"valueName":"search_term_string"}}],"inLanguage":"fr-FR"},{"@type":"Organization","@id":"https:\/\/www.dvo45.fr\/#organization","name":"Groupement Paroissial de Beaugency-Meung\/Loire","url":"https:\/\/www.dvo45.fr\/","logo":{"@type":"ImageObject","inLanguage":"fr-FR","@id":"https:\/\/www.dvo45.fr\/#\/schema\/logo\/image\/","url":"https:\/\/www.dvo45.fr\/wp-content\/uploads\/2020\/11\/GROUPEMENT-PAROISSIAL-logo360x360.jpg","contentUrl":"https:\/\/www.dvo45.fr\/wp-content\/uploads\/2020\/11\/GROUPEMENT-PAROISSIAL-logo360x360.jpg","width":360,"height":360,"caption":"Groupement Paroissial de Beaugency-Meung\/Loire"},"image":{"@id":"https:\/\/www.dvo45.fr\/#\/schema\/logo\/image\/"},"sameAs":["https:\/\/www.facebook.com\/Le-groupe-paroissial-de-Beaugency-Meung-sur-loire-135382090421585","https:\/\/www.youtube.com\/channel\/UCQuQV3-lctEa6-fnRMjXZeQ"]}]}},"_links":{"self":[{"href":"https:\/\/www.dvo45.fr\/index.php\/wp-json\/wp\/v2\/pages\/28734","targetHints":{"allow":["GET"]}}],"collection":[{"href":"https:\/\/www.dvo45.fr\/index.php\/wp-json\/wp\/v2\/pages"}],"about":[{"href":"https:\/\/www.dvo45.fr\/index.php\/wp-json\/wp\/v2\/types\/page"}],"author":[{"embeddable":true,"href":"https:\/\/www.dvo45.fr\/index.php\/wp-json\/wp\/v2\/users\/4"}],"replies":[{"embeddable":true,"href":"https:\/\/www.dvo45.fr\/index.php\/wp-json\/wp\/v2\/comments?post=28734"}],"version-history":[{"count":8,"href":"https:\/\/www.dvo45.fr\/index.php\/wp-json\/wp\/v2\/pages\/28734\/revisions"}],"predecessor-version":[{"id":28833,"href":"https:\/\/www.dvo45.fr\/index.php\/wp-json\/wp\/v2\/pages\/28734\/revisions\/28833"}],"wp:attachment":[{"href":"https:\/\/www.dvo45.fr\/index.php\/wp-json\/wp\/v2\/media?parent=28734"}],"curies":[{"name":"wp","href":"https:\/\/api.w.org\/{rel}","templated":true}]}}